{"id":67008,"date":"2024-10-04T07:13:21","date_gmt":"2024-10-04T11:13:21","guid":{"rendered":"https:\/\/www.pupr.edu\/?page_id=67008"},"modified":"2025-09-09T18:33:52","modified_gmt":"2025-09-09T22:33:52","slug":"reglas","status":"publish","type":"page","link":"https:\/\/pupr.edu\/es\/certamen\/reglas\/","title":{"rendered":"certamen reglas"},"content":{"rendered":"<div data-elementor-type=\"wp-page\" data-elementor-id=\"67008\" class=\"elementor elementor-67008\" data-elementor-post-type=\"page\">\n\t\t\t\t\t\t<section class=\"has_eae_slider elementor-section elementor-top-section elementor-element elementor-element-0278add elementor-section-content-middle elementor-section-boxed elementor-section-height-default elementor-section-height-default\" data-id=\"0278add\" data-element_type=\"section\">\n\t\t\t\t\t\t<div class=\"elementor-container elementor-column-gap-default\">\n\t\t\t\t\t<div class=\"has_eae_slider elementor-column elementor-col-33 elementor-top-column elementor-element elementor-element-2785b9c\" data-id=\"2785b9c\" data-element_type=\"column\">\n\t\t\t<div class=\"elementor-widget-wrap elementor-element-populated\">\n\t\t\t\t\t\t<div class=\"elementor-element elementor-element-20bf778 elementor-widget elementor-widget-image\" data-id=\"20bf778\" data-element_type=\"widget\" data-widget_type=\"image.default\">\n\t\t\t\t<div class=\"elementor-widget-container\">\n\t\t\t\t\t\t\t\t\t\t\t\t\t<img fetchpriority=\"high\" decoding=\"async\" width=\"716\" height=\"622\" src=\"https:\/\/pupr.edu\/wp-content\/uploads\/2024\/10\/Group-8249.png\" class=\"attachment-large size-large wp-image-66864\" alt=\"\" srcset=\"https:\/\/pupr.edu\/wp-content\/uploads\/2024\/10\/Group-8249.png 716w, https:\/\/pupr.edu\/wp-content\/uploads\/2024\/10\/Group-8249-14x12.png 14w, https:\/\/pupr.edu\/wp-content\/uploads\/2024\/10\/Group-8249-24x21.png 24w, https:\/\/pupr.edu\/wp-content\/uploads\/2024\/10\/Group-8249-36x31.png 36w, https:\/\/pupr.edu\/wp-content\/uploads\/2024\/10\/Group-8249-48x42.png 48w\" sizes=\"(max-width: 716px) 100vw, 716px\" \/>\t\t\t\t\t\t\t\t\t\t\t\t\t<\/div>\n\t\t\t\t<\/div>\n\t\t\t\t\t<\/div>\n\t\t<\/div>\n\t\t\t\t<div class=\"has_eae_slider elementor-column elementor-col-33 elementor-top-column elementor-element elementor-element-1274d43\" data-id=\"1274d43\" data-element_type=\"column\">\n\t\t\t<div class=\"elementor-widget-wrap elementor-element-populated\">\n\t\t\t\t\t\t<div class=\"elementor-element elementor-element-79feeb0 elementor-widget__width-initial elementor-widget elementor-widget-text-editor\" data-id=\"79feeb0\" data-element_type=\"widget\" data-widget_type=\"text-editor.default\">\n\t\t\t\t<div class=\"elementor-widget-container\">\n\t\t\t\t\t\t\t<div class='widget-content'><p>Reglas del 31er Certamen Literario de Poes\u00eda, Cuento, Ensayo y Teatro Breve<\/p><\/div>\t\t\t\t\t\t<\/div>\n\t\t\t\t<\/div>\n\t\t\t\t\t<\/div>\n\t\t<\/div>\n\t\t\t\t<div class=\"has_eae_slider elementor-column elementor-col-33 elementor-top-column elementor-element elementor-element-c9268cf\" data-id=\"c9268cf\" data-element_type=\"column\">\n\t\t\t<div class=\"elementor-widget-wrap elementor-element-populated\">\n\t\t\t\t\t\t<div class=\"elementor-element elementor-element-c5551c7 elementor-widget elementor-widget-image\" data-id=\"c5551c7\" data-element_type=\"widget\" data-widget_type=\"image.default\">\n\t\t\t\t<div class=\"elementor-widget-container\">\n\t\t\t\t\t\t\t\t\t\t\t\t\t<img decoding=\"async\" width=\"107\" height=\"96\" src=\"https:\/\/pupr.edu\/wp-content\/uploads\/2024\/10\/Group-22.png\" class=\"attachment-large size-large wp-image-67011\" alt=\"\" srcset=\"https:\/\/pupr.edu\/wp-content\/uploads\/2024\/10\/Group-22.png 107w, https:\/\/pupr.edu\/wp-content\/uploads\/2024\/10\/Group-22-13x12.png 13w, https:\/\/pupr.edu\/wp-content\/uploads\/2024\/10\/Group-22-24x22.png 24w, https:\/\/pupr.edu\/wp-content\/uploads\/2024\/10\/Group-22-36x32.png 36w, https:\/\/pupr.edu\/wp-content\/uploads\/2024\/10\/Group-22-48x43.png 48w\" sizes=\"(max-width: 107px) 100vw, 107px\" \/>\t\t\t\t\t\t\t\t\t\t\t\t\t<\/div>\n\t\t\t\t<\/div>\n\t\t\t\t\t<\/div>\n\t\t<\/div>\n\t\t\t\t\t<\/div>\n\t\t<\/section>\n\t\t\t\t<section class=\"has_eae_slider elementor-section elementor-top-section elementor-element elementor-element-9ee396c elementor-section-boxed elementor-section-height-default elementor-section-height-default\" data-id=\"9ee396c\" data-element_type=\"section\">\n\t\t\t\t\t\t<div class=\"elementor-container elementor-column-gap-default\">\n\t\t\t\t\t<div class=\"has_eae_slider elementor-column elementor-col-33 elementor-top-column elementor-element elementor-element-3c9c62e\" data-id=\"3c9c62e\" data-element_type=\"column\">\n\t\t\t<div class=\"elementor-widget-wrap\">\n\t\t\t\t\t\t\t<\/div>\n\t\t<\/div>\n\t\t\t\t<div class=\"has_eae_slider elementor-column elementor-col-33 elementor-top-column elementor-element elementor-element-d68b331\" data-id=\"d68b331\" data-element_type=\"column\">\n\t\t\t<div class=\"elementor-widget-wrap elementor-element-populated\">\n\t\t\t\t\t\t<div class=\"elementor-element elementor-element-e145152 elementor-widget elementor-widget-heading\" data-id=\"e145152\" data-element_type=\"widget\" data-widget_type=\"heading.default\">\n\t\t\t\t<div class=\"elementor-widget-container\">\n\t\t\t<h2 class=\"elementor-heading-title elementor-size-default\">REGLAS PARA PARTICIPANTES DEL<br> 31ER CERTAMEN LITERARIO\n<\/h2>\t\t<\/div>\n\t\t\t\t<\/div>\n\t\t\t\t<div class=\"elementor-element elementor-element-3966a7c elementor-widget elementor-widget-text-editor\" data-id=\"3966a7c\" data-element_type=\"widget\" data-widget_type=\"text-editor.default\">\n\t\t\t\t<div class=\"elementor-widget-container\">\n\t\t\t\t\t\t\t<div class='widget-content'><p>1. Lee con mucho cuidado estas reglas ya que hay cambios en la manera de enviar las participaciones.<\/p><\/div>\t\t\t\t\t\t<\/div>\n\t\t\t\t<\/div>\n\t\t\t\t<div class=\"elementor-element elementor-element-d7c27e9 elementor-widget__width-inherit elementor-widget elementor-widget-text-editor\" data-id=\"d7c27e9\" data-element_type=\"widget\" data-widget_type=\"text-editor.default\">\n\t\t\t\t<div class=\"elementor-widget-container\">\n\t\t\t\t\t\t\t<div class='widget-content'><p>2. Pueden participar autores residentes de Puerto Rico y autores puertorrique\u00f1os en cualquier parte del mundo con obras absolutamente in\u00e9ditas, humano-originales escritas en lengua espa\u00f1ola, eligiendo una de las siguientes <strong>categor\u00edas<\/strong> que identifique al participante con su <strong>seud\u00f3nimo<\/strong> o nombre falso (creado por el o la participante) en la l\u00ednea del Asunto (Subject) del mensaje del correo electr\u00f3nico (a enviar al correo del g\u00e9nero provisto en la regla 9). Ejemplos:<\/p><p style=\"text-align: center;\"><br \/>ESTUDIANTE DE ESCUELA SUPERIOR O ESCUELA EN EL HOGAR, (el Sol)<\/p><p style=\"text-align: center;\">ESTUDIANTE DE LA UNIVERSIDAD POLIT\u00c9CNICA, (K-Pop)<\/p><p style=\"text-align: center;\">MIEMBRO DE LA COMUNIDAD, (Superman)<\/p><\/div>\t\t\t\t\t\t<\/div>\n\t\t\t\t<\/div>\n\t\t\t\t<div class=\"elementor-element elementor-element-f1faa96 elementor-widget elementor-widget-text-editor\" data-id=\"f1faa96\" data-element_type=\"widget\" data-widget_type=\"text-editor.default\">\n\t\t\t\t<div class=\"elementor-widget-container\">\n\t\t\t\t\t\t\t<div class='widget-content'><p>3. Aceptaremos participaciones solo hasta el <strong>15 de enero de 2026<\/strong>.<\/p><\/div>\t\t\t\t\t\t<\/div>\n\t\t\t\t<\/div>\n\t\t\t\t<div class=\"elementor-element elementor-element-b8b5ca6 elementor-widget elementor-widget-text-editor\" data-id=\"b8b5ca6\" data-element_type=\"widget\" data-widget_type=\"text-editor.default\">\n\t\t\t\t<div class=\"elementor-widget-container\">\n\t\t\t\t\t\t\t<div class='widget-content'><p>4. Recuerda revisar el texto de tu autor\u00eda antes de subirlo al correo electr\u00f3nico para evitar que se rechace por incumplimiento con las reglas del Certamen.<\/p><\/div>\t\t\t\t\t\t<\/div>\n\t\t\t\t<\/div>\n\t\t\t\t<div class=\"elementor-element elementor-element-fb0ca3b elementor-widget elementor-widget-text-editor\" data-id=\"fb0ca3b\" data-element_type=\"widget\" data-widget_type=\"text-editor.default\">\n\t\t\t\t<div class=\"elementor-widget-container\">\n\t\t\t\t\t\t\t<div class='widget-content'><p>5. Debes incluir dos (2) archivos en tu mensaje por correo electr\u00f3nico:<\/p><p style=\"padding-left: 40px;\">a. Uno en Microsoft Word donde debe aparecer tu nombre de autor con el t\u00edtulo de tu texto y tu texto. En la parte superior de la p\u00e1gina debes de escribir tu categor\u00eda, seguida del g\u00e9nero literario en el que participas.<\/p><p style=\"padding-left: 40px;\">Ejemplo: Estudiante de Escuela Superior, Microcuento<\/p><p style=\"padding-left: 40px;\">b. El otro texto debe ser un PDF del anterior, pero en lugar de tu nombre como autor o autora, debes poner tu seud\u00f3nimo o nombre falso. Luego el t\u00edtulo de tu texto y debajo el texto con el que participas. Esta es la hoja que leer\u00e1n los miembros del Jurado, por lo que no debe tener tu nombre real por ninguna parte para garantizar imparcialidad.<\/p><\/div>\t\t\t\t\t\t<\/div>\n\t\t\t\t<\/div>\n\t\t\t\t<div class=\"elementor-element elementor-element-fcd7061 elementor-widget elementor-widget-text-editor\" data-id=\"fcd7061\" data-element_type=\"widget\" data-widget_type=\"text-editor.default\">\n\t\t\t\t<div class=\"elementor-widget-container\">\n\t\t\t\t\t\t\t<div class='widget-content'><p>6. El texto de tu autor\u00eda debe estar escrito en letra 12 puntos en estilo Times New Roman y a doble espacio. Recuerda convertirlo en formato PDF antes de subirlo.<\/p><\/div>\t\t\t\t\t\t<\/div>\n\t\t\t\t<\/div>\n\t\t\t\t<div class=\"elementor-element elementor-element-e94c952 elementor-widget elementor-widget-text-editor\" data-id=\"e94c952\" data-element_type=\"widget\" data-widget_type=\"text-editor.default\">\n\t\t\t\t<div class=\"elementor-widget-container\">\n\t\t\t\t\t\t\t<div class='widget-content'><p>7. El o los textos participantes no deben haberse enviado a otro certamen ni estar pendientes de fallo en otro certamen.<\/p><\/div>\t\t\t\t\t\t<\/div>\n\t\t\t\t<\/div>\n\t\t\t\t<div class=\"elementor-element elementor-element-b3e2903 elementor-widget elementor-widget-text-editor\" data-id=\"b3e2903\" data-element_type=\"widget\" data-widget_type=\"text-editor.default\">\n\t\t\t\t<div class=\"elementor-widget-container\">\n\t\t\t\t\t\t\t<div class='widget-content'><p>8. El tema es de libre selecci\u00f3n.<\/p><\/div>\t\t\t\t\t\t<\/div>\n\t\t\t\t<\/div>\n\t\t\t\t<div class=\"elementor-element elementor-element-46851cd elementor-widget elementor-widget-text-editor\" data-id=\"46851cd\" data-element_type=\"widget\" data-widget_type=\"text-editor.default\">\n\t\t\t\t<div class=\"elementor-widget-container\">\n\t\t\t\t\t\t\t<div class='widget-content'><p>9. No podr\u00e1n participar ganadores del primer premio de a\u00f1os anteriores en el mismo g\u00e9nero literario en el que lo obtuvieron. Sin embargo, s\u00ed pueden someter participaciones en otro(s) de los g\u00e9neros de este Certamen en que no hayan obtenido el primer lugar.<\/p><\/div>\t\t\t\t\t\t<\/div>\n\t\t\t\t<\/div>\n\t\t\t\t<div class=\"elementor-element elementor-element-73b4331 elementor-widget elementor-widget-text-editor\" data-id=\"73b4331\" data-element_type=\"widget\" data-widget_type=\"text-editor.default\">\n\t\t\t\t<div class=\"elementor-widget-container\">\n\t\t\t\t\t\t\t<div class='widget-content'><p>10. Debes someter s\u00f3lo una obra por g\u00e9nero o g\u00e9neros literarios con la siguiente extensi\u00f3n:<\/p><p>Solo en el g\u00e9nero de la <strong>POES\u00cdA<\/strong> podr\u00edas someter hasta dos (2) poemas que no sobrepasen la cantidad total de 100 versos entre ambos poemas o uno (1) que no sobrepase la misma cantidad de versos. Env\u00eda tu poema a <a href=\"mailto:poes\u00eda31@pupr.edu\"><strong>poes\u00eda31@pupr.edu<\/strong><\/a><strong>. Es imprescindible que te identifiques en el correo con tu categor\u00eda, tu nombre, tu seud\u00f3nimo, tu direcci\u00f3n postal y tu n\u00famero de tel\u00e9fono en el mensaje del correo al enviar los dos archivos (uno en Microsoft Word y el otro en PDF). Si env\u00edas la obra sin esto, este correo no contar\u00e1.<\/strong><\/p><p>La extensi\u00f3n para el g\u00e9nero de <strong>CUENTO<\/strong> es de un m\u00ednimo de dos (2) p\u00e1gs. y m\u00e1ximo de doce (12) o, si participas con un <strong>MICROCUENTO <\/strong>o microrrelato el m\u00e1ximo son 350 palabras. Una sola participaci\u00f3n en este g\u00e9nero, es decir o participas con un cuento o con un micro cuento. Env\u00eda tu cuento o microcuento a <a href=\"mailto:cuento31@pupr.edu\"><strong>cuento31@pupr.edu<\/strong><\/a><strong>. Es imprescindible que te identifiques en el correo con tu categor\u00eda, tu nombre, tu seud\u00f3nimo, tu direcci\u00f3n postal y tu n\u00famero de tel\u00e9fono en el mensaje del correo al enviar los dos archivos (uno en Microsoft Word y el otro en PDF). Si env\u00edas la obra sin esto, este correo no contar\u00e1.<\/strong><\/p><p>La extensi\u00f3n para el g\u00e9nero de <strong>ENSAYO<\/strong> es de un m\u00ednimo de dos (2) p\u00e1gs. y m\u00e1ximo de catorce (14). Env\u00eda tu participaci\u00f3n a <a href=\"mailto:ensayo31@pupr.edu\"><strong>ensayo31@pupr.edu<\/strong><\/a><strong>. Es imprescindible que te identifiques en el correo con tu categor\u00eda, tu nombre, tu seud\u00f3nimo, tu direcci\u00f3n postal y tu n\u00famero de tel\u00e9fono en el mensaje del correo al enviar los dos archivos (uno en Microsoft Word y el otro en PDF). Si env\u00edas la obra sin esto, este correo no contar\u00e1.<\/strong><\/p><p>La extensi\u00f3n para el g\u00e9nero de <strong>TEATRO BREVE<\/strong> es cinco (5) p\u00e1ginas m\u00edn. y m\u00e1ximo de veinte (20). Env\u00eda tu participaci\u00f3n a <a href=\"mailto:teatrobreve@pupr.edu\"><strong>teatrobreve@pupr.edu<\/strong><\/a>.\u00a0 <strong>Es imprescindible que te identifiques en el correo con tu categor\u00eda, tu nombre, tu seud\u00f3nimo, tu direcci\u00f3n postal y tu n\u00famero de tel\u00e9fono en el mensaje del correo al enviar los dos archivos (uno en Microsoft Word y el otro en PDF). Si env\u00edas la obra sin esto, este correo no contar\u00e1.<\/strong><\/p><\/div>\t\t\t\t\t\t<\/div>\n\t\t\t\t<\/div>\n\t\t\t\t<div class=\"elementor-element elementor-element-fd36b45 elementor-widget elementor-widget-text-editor\" data-id=\"fd36b45\" data-element_type=\"widget\" data-widget_type=\"text-editor.default\">\n\t\t\t\t<div class=\"elementor-widget-container\">\n\t\t\t\t\t\t\t<div class='widget-content'><p>11. Se excluye de participar al Jurado y familiares hasta segundo grado de consanguineidad, as\u00ed como a todas las personas relacionadas con la coordinaci\u00f3n del Certamen.<\/p><\/div>\t\t\t\t\t\t<\/div>\n\t\t\t\t<\/div>\n\t\t\t\t<div class=\"elementor-element elementor-element-13c2304 elementor-widget elementor-widget-text-editor\" data-id=\"13c2304\" data-element_type=\"widget\" data-widget_type=\"text-editor.default\">\n\t\t\t\t<div class=\"elementor-widget-container\">\n\t\t\t\t\t\t\t<div class='widget-content'><p>12. El Jurado estar\u00e1 compuesto por escritores, cr\u00edticos y docentes de varias universidades del pa\u00eds.<\/p><\/div>\t\t\t\t\t\t<\/div>\n\t\t\t\t<\/div>\n\t\t\t\t<div class=\"elementor-element elementor-element-5568d15 elementor-widget elementor-widget-text-editor\" data-id=\"5568d15\" data-element_type=\"widget\" data-widget_type=\"text-editor.default\">\n\t\t\t\t<div class=\"elementor-widget-container\">\n\t\t\t\t\t\t\t<div class='widget-content'><p>13. El fallo del Jurado es irrevocable.<\/p><\/div>\t\t\t\t\t\t<\/div>\n\t\t\t\t<\/div>\n\t\t\t\t<div class=\"elementor-element elementor-element-1e6cb2c elementor-widget elementor-widget-text-editor\" data-id=\"1e6cb2c\" data-element_type=\"widget\" data-widget_type=\"text-editor.default\">\n\t\t\t\t<div class=\"elementor-widget-container\">\n\t\t\t\t\t\t\t<div class='widget-content'><p>14. El Jurado podr\u00e1 declarar desiertas las premiaciones en cualesquiera de los g\u00e9neros o categor\u00edas, as\u00ed como descalificar cualquier participaci\u00f3n en la que, a su entender, se haya incurrido en deshonestidad intelectual, plagio, o faltado a las reglas del Certamen.\u00a0<\/p><\/div>\t\t\t\t\t\t<\/div>\n\t\t\t\t<\/div>\n\t\t\t\t<div class=\"elementor-element elementor-element-6d40acd elementor-widget elementor-widget-text-editor\" data-id=\"6d40acd\" data-element_type=\"widget\" data-widget_type=\"text-editor.default\">\n\t\t\t\t<div class=\"elementor-widget-container\">\n\t\t\t\t\t\t\t<div class='widget-content'><p>15. Los participantes seleccionados como ganadores recibir\u00e1n como \u00fanica remuneraci\u00f3n, los premios establecidos para cada g\u00e9nero y categor\u00eda. Estos suelen ser el certificado del premio, libros de autores contempor\u00e1neos, alguna remuneraci\u00f3n cuya cantidad cambia seg\u00fan la disponibilidad de los fondos y la publicaci\u00f3n de las obras ganadoras en la Antolog\u00eda del Certamen Literario de la Universidad Polit\u00e9cnica de Puerto Rico (2025-2026).<\/p><\/div>\t\t\t\t\t\t<\/div>\n\t\t\t\t<\/div>\n\t\t\t\t<div class=\"elementor-element elementor-element-fbf1f42 elementor-widget elementor-widget-text-editor\" data-id=\"fbf1f42\" data-element_type=\"widget\" data-widget_type=\"text-editor.default\">\n\t\t\t\t<div class=\"elementor-widget-container\">\n\t\t\t\t\t\t\t<div class='widget-content'><p>16. El Comit\u00e9 del Certamen Literario reconoce los derechos de autor en cuanto a su propiedad intelectual de sus obras seleccionadas para la Antolog\u00eda. Esto significa que cada participante puede publicar su obra por su lado. Sin embargo, el dise\u00f1o de la Antolog\u00eda, su portada y sus partes son propiedad del Comit\u00e9 del 31er Certamen Literario y no deben ser reproducidas ni en parte, ni en su totalidad. Cada trabajo ganador ser\u00e1 publicado con el nombre real y el seud\u00f3nimo del(a) autor(a). La Antolog\u00eda figurar\u00e1 en la p\u00e1gina del Certamen como un documento en PDF a partir de Junio de 2026.\u00a0<\/p><\/div>\t\t\t\t\t\t<\/div>\n\t\t\t\t<\/div>\n\t\t\t\t<div class=\"elementor-element elementor-element-1a834d1 elementor-widget elementor-widget-text-editor\" data-id=\"1a834d1\" data-element_type=\"widget\" data-widget_type=\"text-editor.default\">\n\t\t\t\t<div class=\"elementor-widget-container\">\n\t\t\t\t\t\t\t<div class='widget-content'><p>17. Al participar en este Certamen, el participante accede a que los trabajos ganadores sean utilizados para prop\u00f3sitos promocionales y\/o publicados en aquellos medios de comunicaci\u00f3n escrita o electr\u00f3nica que el Comit\u00e9 del Certamen Literario de la Universidad Polit\u00e9cnica de Puerto Rico considere pertinentes.<\/p><\/div>\t\t\t\t\t\t<\/div>\n\t\t\t\t<\/div>\n\t\t\t\t<div class=\"elementor-element elementor-element-97b9487 elementor-widget elementor-widget-text-editor\" data-id=\"97b9487\" data-element_type=\"widget\" data-widget_type=\"text-editor.default\">\n\t\t\t\t<div class=\"elementor-widget-container\">\n\t\t\t\t\t\t\t<div class='widget-content'><p>18. Al participar, los autores aceptan como v\u00e1lidas e irrevocables todas estas reglas del Certamen Literario de Poes\u00eda, Cuento, Ensayo y Teatro Breve de la Universidad Polit\u00e9cnica de Puerto Rico.<\/p><\/div>\t\t\t\t\t\t<\/div>\n\t\t\t\t<\/div>\n\t\t\t\t\t<\/div>\n\t\t<\/div>\n\t\t\t\t<div class=\"has_eae_slider elementor-column elementor-col-33 elementor-top-column elementor-element elementor-element-f160f5e\" data-id=\"f160f5e\" data-element_type=\"column\">\n\t\t\t<div class=\"elementor-widget-wrap\">\n\t\t\t\t\t\t\t<\/div>\n\t\t<\/div>\n\t\t\t\t\t<\/div>\n\t\t<\/section>\n\t\t\t\t<\/div>","protected":false},"excerpt":{"rendered":"Reglas del 31er Certamen Literario de Poes\u00eda, Cuento, Ensayo y Teatro Breve REGLAS PARA PARTICIPANTES DEL 31ER CERTAMEN LITERARIO 1. Lee con mucho cuidado estas reglas ya que hay cambios en la manera de enviar las participaciones.2. Pueden participar autores residentes de Puerto Rico y autores puertorrique\u00f1os en cualquier parte del mundo con obras absolutamente [&hellip;]","protected":false},"author":11,"featured_media":0,"parent":66820,"menu_order":0,"comment_status":"closed","ping_status":"closed","template":"template-elementordefault.php","meta":{"_acf_changed":false,"inline_featured_image":false,"_monsterinsights_skip_tracking":false,"_monsterinsights_sitenote_active":false,"_monsterinsights_sitenote_note":"","_monsterinsights_sitenote_category":0,"ngg_post_thumbnail":0,"footnotes":""},"program-categories":[],"degree-categories":[],"class_list":["post-67008","page","type-page","status-publish","hentry"],"acf":[],"_links":{"self":[{"href":"https:\/\/pupr.edu\/es\/wp-json\/wp\/v2\/pages\/67008","targetHints":{"allow":["GET"]}}],"collection":[{"href":"https:\/\/pupr.edu\/es\/wp-json\/wp\/v2\/pages"}],"about":[{"href":"https:\/\/pupr.edu\/es\/wp-json\/wp\/v2\/types\/page"}],"author":[{"embeddable":true,"href":"https:\/\/pupr.edu\/es\/wp-json\/wp\/v2\/users\/11"}],"replies":[{"embeddable":true,"href":"https:\/\/pupr.edu\/es\/wp-json\/wp\/v2\/comments?post=67008"}],"version-history":[{"count":43,"href":"https:\/\/pupr.edu\/es\/wp-json\/wp\/v2\/pages\/67008\/revisions"}],"predecessor-version":[{"id":73320,"href":"https:\/\/pupr.edu\/es\/wp-json\/wp\/v2\/pages\/67008\/revisions\/73320"}],"up":[{"embeddable":true,"href":"https:\/\/pupr.edu\/es\/wp-json\/wp\/v2\/pages\/66820"}],"wp:attachment":[{"href":"https:\/\/pupr.edu\/es\/wp-json\/wp\/v2\/media?parent=67008"}],"wp:term":[{"taxonomy":"program-categories","embeddable":true,"href":"https:\/\/pupr.edu\/es\/wp-json\/wp\/v2\/program-categories?post=67008"},{"taxonomy":"degree-categories","embeddable":true,"href":"https:\/\/pupr.edu\/es\/wp-json\/wp\/v2\/degree-categories?post=67008"}],"curies":[{"name":"wp","href":"https:\/\/api.w.org\/{rel}","templated":true}]}}