{"id":67974,"date":"2024-12-11T11:55:51","date_gmt":"2024-12-11T15:55:51","guid":{"rendered":"https:\/\/pupr.edu\/?page_id=67974"},"modified":"2025-12-02T20:10:41","modified_gmt":"2025-12-03T00:10:41","slug":"professional-licensure","status":"publish","type":"page","link":"https:\/\/pupr.edu\/es\/about\/professional-licensure\/","title":{"rendered":"Professional Licensure"},"content":{"rendered":"<div data-elementor-type=\"wp-page\" data-elementor-id=\"67974\" class=\"elementor elementor-67974\" data-elementor-post-type=\"page\">\n\t\t\t\t\t\t<section class=\"has_eae_slider elementor-section elementor-top-section elementor-element elementor-element-00e3219 elementor-section-height-min-height elementor-section-boxed elementor-section-height-default elementor-section-items-middle\" data-id=\"00e3219\" data-element_type=\"section\" data-settings=\"{&quot;background_background&quot;:&quot;classic&quot;}\">\n\t\t\t\t\t\t\t<div class=\"elementor-background-overlay\"><\/div>\n\t\t\t\t\t\t\t<div class=\"elementor-container elementor-column-gap-default\">\n\t\t\t\t\t<div class=\"has_eae_slider elementor-column elementor-col-100 elementor-top-column elementor-element elementor-element-552447b\" data-id=\"552447b\" data-element_type=\"column\">\n\t\t\t<div class=\"elementor-widget-wrap elementor-element-populated\">\n\t\t\t\t\t\t<div class=\"elementor-element elementor-element-3c39b80 elementor-widget elementor-widget-heading\" data-id=\"3c39b80\" data-element_type=\"widget\" data-widget_type=\"heading.default\">\n\t\t\t\t<div class=\"elementor-widget-container\">\n\t\t\t<h2 class=\"elementor-heading-title elementor-size-default\">Professional Licensure\n<\/h2>\t\t<\/div>\n\t\t\t\t<\/div>\n\t\t\t\t\t<\/div>\n\t\t<\/div>\n\t\t\t\t\t<\/div>\n\t\t<\/section>\n\t\t\t\t<section class=\"has_eae_slider elementor-section elementor-top-section elementor-element elementor-element-a63a3de elementor-section-boxed elementor-section-height-default elementor-section-height-default\" data-id=\"a63a3de\" data-element_type=\"section\">\n\t\t\t\t\t\t<div class=\"elementor-container elementor-column-gap-default\">\n\t\t\t\t\t<div class=\"has_eae_slider elementor-column elementor-col-100 elementor-top-column elementor-element elementor-element-6a19e9f\" data-id=\"6a19e9f\" data-element_type=\"column\">\n\t\t\t<div class=\"elementor-widget-wrap elementor-element-populated\">\n\t\t\t\t\t\t<section class=\"has_eae_slider elementor-section elementor-inner-section elementor-element elementor-element-03c8e2a elementor-section-boxed elementor-section-height-default elementor-section-height-default\" data-id=\"03c8e2a\" data-element_type=\"section\">\n\t\t\t\t\t\t<div class=\"elementor-container elementor-column-gap-default\">\n\t\t\t\t\t<div class=\"has_eae_slider elementor-column elementor-col-100 elementor-inner-column elementor-element elementor-element-68fe676\" data-id=\"68fe676\" data-element_type=\"column\">\n\t\t\t<div class=\"elementor-widget-wrap elementor-element-populated\">\n\t\t\t\t\t\t<div class=\"elementor-element elementor-element-f12f5a5 elementor-widget elementor-widget-text-editor\" data-id=\"f12f5a5\" data-element_type=\"widget\" data-widget_type=\"text-editor.default\">\n\t\t\t\t<div class=\"elementor-widget-container\">\n\t\t\t\t\t\t\t<div class='widget-content'><p>The Universidad Polit\u00e9cnica de Puerto Rico (UPPR) offers programs leading to professional licensure in Puerto Rico. As each state and territory within the United States has its specific licensure requirements, individuals considering a program that leads to a specific professional license should thoroughly understand these state-specific requirements. This knowledge will facilitate informed decision-making and prepare individuals for their professional journey, ensuring that their chosen program aligns with their desired career goals and that employers recognize their credentials.<\/p><\/div>\t\t\t\t\t\t<\/div>\n\t\t\t\t<\/div>\n\t\t\t\t\t<\/div>\n\t\t<\/div>\n\t\t\t\t\t<\/div>\n\t\t<\/section>\n\t\t\t\t\t<\/div>\n\t\t<\/div>\n\t\t\t\t\t<\/div>\n\t\t<\/section>\n\t\t\t\t<section class=\"has_eae_slider elementor-section elementor-top-section elementor-element elementor-element-c1db128 elementor-section-boxed elementor-section-height-default elementor-section-height-default\" data-id=\"c1db128\" data-element_type=\"section\">\n\t\t\t\t\t\t<div class=\"elementor-container elementor-column-gap-default\">\n\t\t\t\t\t<div class=\"has_eae_slider elementor-column elementor-col-100 elementor-top-column elementor-element elementor-element-a06b4c5\" data-id=\"a06b4c5\" data-element_type=\"column\">\n\t\t\t<div class=\"elementor-widget-wrap elementor-element-populated\">\n\t\t\t\t\t\t<div class=\"elementor-element elementor-element-0ab6aa0 elementor-widget elementor-widget-toggle\" data-id=\"0ab6aa0\" data-element_type=\"widget\" data-widget_type=\"toggle.default\">\n\t\t\t\t<div class=\"elementor-widget-container\">\n\t\t\t\t\t<div class=\"elementor-toggle\">\n\t\t\t\t\t\t\t<div class=\"elementor-toggle-item\">\n\t\t\t\t\t<div id=\"elementor-tab-title-1121\" class=\"elementor-tab-title\" data-tab=\"1\" role=\"button\" aria-controls=\"elementor-tab-content-1121\" aria-expanded=\"false\">\n\t\t\t\t\t\t\t\t\t\t\t\t<span class=\"elementor-toggle-icon elementor-toggle-icon-left\" aria-hidden=\"true\">\n\t\t\t\t\t\t\t\t\t\t\t\t\t\t\t<span class=\"elementor-toggle-icon-closed\"><i class=\"fas fa-caret-right\"><\/i><\/span>\n\t\t\t\t\t\t\t\t<span class=\"elementor-toggle-icon-opened\"><i class=\"elementor-toggle-icon-opened fas fa-caret-up\"><\/i><\/span>\n\t\t\t\t\t\t\t\t\t\t\t\t\t<\/span>\n\t\t\t\t\t\t\t\t\t\t\t\t<a class=\"elementor-toggle-title\" tabindex=\"0\">Architecture<\/a>\n\t\t\t\t\t<\/div>\n\n\t\t\t\t\t<div id=\"elementor-tab-content-1121\" class=\"elementor-tab-content elementor-clearfix\" data-tab=\"1\" role=\"region\" aria-labelledby=\"elementor-tab-title-1121\"><div class='widget-content'><div class=\"hide_accordian\"><p>At Polytechnic University of Puerto Rico (PUPR), we recognize and value your efforts to move forward with your educational goals. As part of our commitment to your education and in compliance with\u00a0<strong>Federal Regulation 34 CFR 668.43<\/strong>, we wish to notify you that:<\/p><blockquote><p>All 55 United States jurisdictions accept a NAAB-accredited architecture degree as evidence of compliance with education requirements for licensing.<\/p><p>Therefore, an architecture graduate from Polytechnic University of Puerto Rico can aspire to be licensed in any state and territory of the United States because our bachelor in Architecture is accredited by NAAB (National Architectural Accrediting Board).<\/p><\/blockquote><p>Please see\u00a0<a href=\"https:\/\/www.naab.org\/\" target=\"_blank\" rel=\"noopener\">https:\/\/www.naab.org\/<\/a>\u00a0or\u00a0<a href=\"https:\/\/ncarb.org\/\" target=\"_blank\" rel=\"noopener\">https:\/\/ncarb.org<\/a>\u00a0for more information, or by e-mail to Arch. Ra\u00fal Rivera Ort\u00edz,\u00a0<a href=\"mailto:rrortiz@pupr.edu\" target=\"_blank\" rel=\"noopener\">rrortiz@pupr.edu<\/a>.<\/p><\/div><\/div><\/div>\n\t\t\t\t<\/div>\n\t\t\t\t\t\t\t<div class=\"elementor-toggle-item\">\n\t\t\t\t\t<div id=\"elementor-tab-title-1122\" class=\"elementor-tab-title\" data-tab=\"2\" role=\"button\" aria-controls=\"elementor-tab-content-1122\" aria-expanded=\"false\">\n\t\t\t\t\t\t\t\t\t\t\t\t<span class=\"elementor-toggle-icon elementor-toggle-icon-left\" aria-hidden=\"true\">\n\t\t\t\t\t\t\t\t\t\t\t\t\t\t\t<span class=\"elementor-toggle-icon-closed\"><i class=\"fas fa-caret-right\"><\/i><\/span>\n\t\t\t\t\t\t\t\t<span class=\"elementor-toggle-icon-opened\"><i class=\"elementor-toggle-icon-opened fas fa-caret-up\"><\/i><\/span>\n\t\t\t\t\t\t\t\t\t\t\t\t\t<\/span>\n\t\t\t\t\t\t\t\t\t\t\t\t<a class=\"elementor-toggle-title\" tabindex=\"0\">CPA<\/a>\n\t\t\t\t\t<\/div>\n\n\t\t\t\t\t<div id=\"elementor-tab-content-1122\" class=\"elementor-tab-content elementor-clearfix\" data-tab=\"2\" role=\"region\" aria-labelledby=\"elementor-tab-title-1122\"><div class='widget-content'><p>At Polytechnic University of Puerto Rico (UPPR), we recognize and value your efforts to further your educational goals. As part of our commitment to education and in compliance with\u00a0<strong>Federal Regulation 34 CFR 668.43<\/strong>, we wish to notify BBA students with a concentration in Accounting that:<\/p><blockquote><p>A Certified Public Accountant (CPA) from Puerto Rico can practice as a CPA in the U.S. without obtaining another license to practice. However, suppose you relocate and renew your license in the state where you practice as a CPA. In that case, there may be some regulations that you have to comply with when retaking the exam. Practice mobility for CPAs exists in 55 American licensing jurisdictions. Request the CPA exam through the National Association of State Boards of Accountancy (NASBA); PROMETRIC administers this exam in Puerto Rico.<\/p><\/blockquote><p>For more information, access\u00a0<a href=\"https:\/\/www.aicpa.org\/advocacy\/state\/mobility.html\" target=\"_blank\" rel=\"noopener\">CPA Mobility Resources (aicpa.org)<\/a>.<\/p><\/div><\/div>\n\t\t\t\t<\/div>\n\t\t\t\t\t\t\t<div class=\"elementor-toggle-item\">\n\t\t\t\t\t<div id=\"elementor-tab-title-1123\" class=\"elementor-tab-title\" data-tab=\"3\" role=\"button\" aria-controls=\"elementor-tab-content-1123\" aria-expanded=\"false\">\n\t\t\t\t\t\t\t\t\t\t\t\t<span class=\"elementor-toggle-icon elementor-toggle-icon-left\" aria-hidden=\"true\">\n\t\t\t\t\t\t\t\t\t\t\t\t\t\t\t<span class=\"elementor-toggle-icon-closed\"><i class=\"fas fa-caret-right\"><\/i><\/span>\n\t\t\t\t\t\t\t\t<span class=\"elementor-toggle-icon-opened\"><i class=\"elementor-toggle-icon-opened fas fa-caret-up\"><\/i><\/span>\n\t\t\t\t\t\t\t\t\t\t\t\t\t<\/span>\n\t\t\t\t\t\t\t\t\t\t\t\t<a class=\"elementor-toggle-title\" tabindex=\"0\">Engineering<\/a>\n\t\t\t\t\t<\/div>\n\n\t\t\t\t\t<div id=\"elementor-tab-content-1123\" class=\"elementor-tab-content elementor-clearfix\" data-tab=\"3\" role=\"region\" aria-labelledby=\"elementor-tab-title-1123\"><div class='widget-content'><p>At Polytechnic University of Puerto Rico (PUPR), we recognize and value your efforts to move forward with your educational goals. As part of our commitment to your education and in compliance with\u00a0<strong>Federal Regulation 34 CFR 668.43<\/strong>, we wish to notify you that:<\/p><blockquote><p>All engineering and surveying academic programs meet the requirements so that graduates can apply for the fundamentals of engineering examination within any state of the United States and its territories. ABET does the verification, trained evaluators review and accredit programs in their respective disciplines and are members of professional associations at the national level.<\/p><\/blockquote><p>Therefore, an engineering and surveying graduate from Polytechnic University of Puerto Rico can aspire to be licensed in any state and territory of the United States because ABET accredits our programs.<\/p><p>Please see\u00a0<a href=\"https:\/\/www.abet.org\/\" target=\"_blank\" rel=\"noopener\">https:\/\/www.abet.org\/<\/a>\u00a0for more information.<\/p><\/div><\/div>\n\t\t\t\t<\/div>\n\t\t\t\t\t\t\t\t<\/div>\n\t\t\t\t<\/div>\n\t\t\t\t<\/div>\n\t\t\t\t<div class=\"elementor-element elementor-element-8f31c38 elementor-button-info elementor-widget elementor-widget-button\" data-id=\"8f31c38\" data-element_type=\"widget\" data-widget_type=\"button.default\">\n\t\t\t\t<div class=\"elementor-widget-container\">\n\t\t\t\t\t\t\t<div class=\"elementor-button-wrapper\">\n\t\t\t\t\t<a class=\"elementor-button elementor-button-link elementor-size-sm\" href=\"https:\/\/pupr.edu\/es\/about\/accreditations\/\">\n\t\t\t\t\t\t<span class=\"elementor-button-content-wrapper\">\n\t\t\t\t\t\t\t\t\t<span class=\"elementor-button-text\">View Licenses & Accreditations<\/span>\n\t\t\t\t\t<\/span>\n\t\t\t\t\t<\/a>\n\t\t\t\t<\/div>\n\t\t\t\t\t\t<\/div>\n\t\t\t\t<\/div>\n\t\t\t\t\t<\/div>\n\t\t<\/div>\n\t\t\t\t\t<\/div>\n\t\t<\/section>\n\t\t\t\t<section class=\"has_eae_slider elementor-section elementor-top-section elementor-element elementor-element-651c92d elementor-section-boxed elementor-section-height-default elementor-section-height-default\" data-id=\"651c92d\" data-element_type=\"section\">\n\t\t\t\t\t\t<div class=\"elementor-container elementor-column-gap-default\">\n\t\t\t\t\t<div class=\"has_eae_slider elementor-column elementor-col-100 elementor-top-column elementor-element elementor-element-e424fd2\" data-id=\"e424fd2\" data-element_type=\"column\">\n\t\t\t<div class=\"elementor-widget-wrap elementor-element-populated\">\n\t\t\t\t\t\t<div class=\"elementor-element elementor-element-3952c6d elementor-widget elementor-widget-toggle\" data-id=\"3952c6d\" data-element_type=\"widget\" data-widget_type=\"toggle.default\">\n\t\t\t\t<div class=\"elementor-widget-container\">\n\t\t\t\t\t<div class=\"elementor-toggle\">\n\t\t\t\t\t\t\t<div class=\"elementor-toggle-item\">\n\t\t\t\t\t<div id=\"elementor-tab-title-6011\" class=\"elementor-tab-title\" data-tab=\"1\" role=\"button\" aria-controls=\"elementor-tab-content-6011\" aria-expanded=\"false\">\n\t\t\t\t\t\t\t\t\t\t\t\t<span class=\"elementor-toggle-icon elementor-toggle-icon-left\" aria-hidden=\"true\">\n\t\t\t\t\t\t\t\t\t\t\t\t\t\t\t<span class=\"elementor-toggle-icon-closed\"><i class=\"fas fa-caret-right\"><\/i><\/span>\n\t\t\t\t\t\t\t\t<span class=\"elementor-toggle-icon-opened\"><i class=\"elementor-toggle-icon-opened fas fa-caret-up\"><\/i><\/span>\n\t\t\t\t\t\t\t\t\t\t\t\t\t<\/span>\n\t\t\t\t\t\t\t\t\t\t\t\t<a class=\"elementor-toggle-title\" tabindex=\"0\">Arquitectura<\/a>\n\t\t\t\t\t<\/div>\n\n\t\t\t\t\t<div id=\"elementor-tab-content-6011\" class=\"elementor-tab-content elementor-clearfix\" data-tab=\"1\" role=\"region\" aria-labelledby=\"elementor-tab-title-6011\"><div class='widget-content'><div class=\"hide_accordian\"><p>En la Universidad Polit\u00e9cnica de Puerto Rico (UPPR) reconocemos y valoramos sus esfuerzos para seguir adelante con sus metas educativas. Como parte de nuestro compromiso con su educaci\u00f3n y en cumplimiento de la\u00a0<strong>Regulaci\u00f3n Federal 34 CFR 668.43<\/strong>, deseamos notificarles que:<\/p><blockquote><p>Las 55 jurisdicciones de los EE. UU. aceptan un t\u00edtulo de Arquitectura acreditado por el NAAB como prueba del cumplimiento de los requisitos educativos para la concesi\u00f3n de licencias. Por lo tanto, un egresado de Arquitectura de la UPPR puede aspirar a tener una licencia en cualquier estado y territorio de los EE. UU. porque nuestro bachillerato en arquitectura est\u00e1 acreditado por NAAB (National Architectural Accrediting Board).<\/p><\/blockquote><p>Si desea mayor informaci\u00f3n, puede acceder\u00a0<a href=\"https:\/\/www.naab.org\/\" target=\"_blank\" rel=\"noopener\">https:\/\/www.naab.org<\/a>\u00a0o\u00a0<a href=\"https:\/\/ncarb.org\/\" target=\"_blank\" rel=\"noopener\">https:\/\/ncarb.org<\/a>. Adem\u00e1s, puede comunicarse con el asesor de licenciatura Arq. Ra\u00fal Rivera Ortiz,\u00a0<a href=\"mailto:rrortiz@pupr.edu\" target=\"_blank\" rel=\"noopener\">rrortiz@pupr.edu<\/a>.<\/p><\/div><\/div><\/div>\n\t\t\t\t<\/div>\n\t\t\t\t\t\t\t<div class=\"elementor-toggle-item\">\n\t\t\t\t\t<div id=\"elementor-tab-title-6012\" class=\"elementor-tab-title\" data-tab=\"2\" role=\"button\" aria-controls=\"elementor-tab-content-6012\" aria-expanded=\"false\">\n\t\t\t\t\t\t\t\t\t\t\t\t<span class=\"elementor-toggle-icon elementor-toggle-icon-left\" aria-hidden=\"true\">\n\t\t\t\t\t\t\t\t\t\t\t\t\t\t\t<span class=\"elementor-toggle-icon-closed\"><i class=\"fas fa-caret-right\"><\/i><\/span>\n\t\t\t\t\t\t\t\t<span class=\"elementor-toggle-icon-opened\"><i class=\"elementor-toggle-icon-opened fas fa-caret-up\"><\/i><\/span>\n\t\t\t\t\t\t\t\t\t\t\t\t\t<\/span>\n\t\t\t\t\t\t\t\t\t\t\t\t<a class=\"elementor-toggle-title\" tabindex=\"0\">CPA<\/a>\n\t\t\t\t\t<\/div>\n\n\t\t\t\t\t<div id=\"elementor-tab-content-6012\" class=\"elementor-tab-content elementor-clearfix\" data-tab=\"2\" role=\"region\" aria-labelledby=\"elementor-tab-title-6012\"><div class='widget-content'><p>En la Universidad Polit\u00e9cnica de Puerto Rico (UPPR) reconocemos y valoramos sus esfuerzos para seguir adelante con sus metas educativas. Como parte de nuestro compromiso con su educaci\u00f3n y en cumplimiento de la\u00a0<strong>Regulaci\u00f3n Federal 34 CFR 668.43<\/strong>, deseamos notificar a los estudiantes del BBA con concentraci\u00f3n en Contabilidad que:<\/p><blockquote><p>Un\u00a0<i>Certified Public Accountant<\/i>\u00a0(CPA) de Puerto Rico puede ejercer como CPA en EE. UU., sin que el estado le requiera una licencia nueva para ejercer su pr\u00e1ctica. De usted relocalizarse, una vez tenga que renovar su licencia en el estado donde est\u00e1 ejerciendo como CPA puede haber alguna reglamentaci\u00f3n con la que tiene que cumplir una vez vuelva a tomar el examen. Cincuenta y cinco (55) jurisdicciones de los EE. UU permiten la pr\u00e1ctica de movilidad de los CPA. El examen de CPA se solicita a trav\u00e9s de la National Association of State Boards of Accountancy (NASBA); en Puerto Rico, este examen lo administra PROMETRIC.<\/p><\/blockquote><p>Si desea m\u00e1s informaci\u00f3n, puede acceder\u00a0<a href=\"https:\/\/www.aicpa.org\/advocacy\/state\/mobility.html\" target=\"_blank\" rel=\"noopener\">CPA Mobility Resources (aicpa.org)<\/a>.<\/p><\/div><\/div>\n\t\t\t\t<\/div>\n\t\t\t\t\t\t\t<div class=\"elementor-toggle-item\">\n\t\t\t\t\t<div id=\"elementor-tab-title-6013\" class=\"elementor-tab-title\" data-tab=\"3\" role=\"button\" aria-controls=\"elementor-tab-content-6013\" aria-expanded=\"false\">\n\t\t\t\t\t\t\t\t\t\t\t\t<span class=\"elementor-toggle-icon elementor-toggle-icon-left\" aria-hidden=\"true\">\n\t\t\t\t\t\t\t\t\t\t\t\t\t\t\t<span class=\"elementor-toggle-icon-closed\"><i class=\"fas fa-caret-right\"><\/i><\/span>\n\t\t\t\t\t\t\t\t<span class=\"elementor-toggle-icon-opened\"><i class=\"elementor-toggle-icon-opened fas fa-caret-up\"><\/i><\/span>\n\t\t\t\t\t\t\t\t\t\t\t\t\t<\/span>\n\t\t\t\t\t\t\t\t\t\t\t\t<a class=\"elementor-toggle-title\" tabindex=\"0\">Ingenier\u00eda<\/a>\n\t\t\t\t\t<\/div>\n\n\t\t\t\t\t<div id=\"elementor-tab-content-6013\" class=\"elementor-tab-content elementor-clearfix\" data-tab=\"3\" role=\"region\" aria-labelledby=\"elementor-tab-title-6013\"><div class='widget-content'><div class=\"toggle\"><div class=\"hide_accordian\"><p>En la Universidad Polit\u00e9cnica de Puerto Rico (UPPR) reconocemos y valoramos sus esfuerzos para seguir adelante con sus metas educativas. Como parte de nuestro compromiso con su educaci\u00f3n y en cumplimiento de la\u00a0<strong>Regulaci\u00f3n Federal 34 CFR 668.43<\/strong>, deseamos notificarles que:<\/p><blockquote><p>Todos los programas acad\u00e9micos de Ingenier\u00eda y Agrimensura de la Universidad Polit\u00e9cnica de Puerto Rico cumplen con los requisitos para que sus graduados puedan solicitar el examen de Fundamentos de Ingenier\u00eda en cualquier estado de los EE. UU., y sus territorios. Por lo tanto, un egresado de Ingenier\u00eda y Agrimensura de esta Instituci\u00f3n puede aspirar a tener una licencia en cualquier estado y territorio de los EE. UU., porque nuestros programas est\u00e1n acreditados por ABET.<\/p><\/blockquote><p>Si desea mayor informaci\u00f3n, puede acceder\u00a0<a href=\"https:\/\/www.abet.org\/\" target=\"_blank\" rel=\"noopener\">https:\/\/www.abet.org\/<\/a>.<\/p><\/div><\/div><div class=\"border\">\u00a0<\/div><\/div><\/div>\n\t\t\t\t<\/div>\n\t\t\t\t\t\t\t\t<\/div>\n\t\t\t\t<\/div>\n\t\t\t\t<\/div>\n\t\t\t\t\t<\/div>\n\t\t<\/div>\n\t\t\t\t\t<\/div>\n\t\t<\/section>\n\t\t\t\t<\/div>","protected":false},"excerpt":{"rendered":"Professional Licensure The Universidad Polit\u00e9cnica de Puerto Rico (UPPR) offers programs leading to professional licensure in Puerto Rico. As each state and territory within the United States has its specific licensure requirements, individuals considering a program that leads to a specific professional license should thoroughly understand these state-specific requirements. This knowledge will facilitate informed decision-making [&hellip;]","protected":false},"author":11,"featured_media":12359,"parent":42972,"menu_order":153,"comment_status":"closed","ping_status":"closed","template":"template-elementordefault.php","meta":{"_acf_changed":false,"inline_featured_image":false,"_monsterinsights_skip_tracking":false,"_monsterinsights_sitenote_active":false,"_monsterinsights_sitenote_note":"","_monsterinsights_sitenote_category":0,"ngg_post_thumbnail":0,"footnotes":""},"program-categories":[],"degree-categories":[],"class_list":["post-67974","page","type-page","status-publish","has-post-thumbnail","hentry"],"acf":[],"_links":{"self":[{"href":"https:\/\/pupr.edu\/es\/wp-json\/wp\/v2\/pages\/67974","targetHints":{"allow":["GET"]}}],"collection":[{"href":"https:\/\/pupr.edu\/es\/wp-json\/wp\/v2\/pages"}],"about":[{"href":"https:\/\/pupr.edu\/es\/wp-json\/wp\/v2\/types\/page"}],"author":[{"embeddable":true,"href":"https:\/\/pupr.edu\/es\/wp-json\/wp\/v2\/users\/11"}],"replies":[{"embeddable":true,"href":"https:\/\/pupr.edu\/es\/wp-json\/wp\/v2\/comments?post=67974"}],"version-history":[{"count":19,"href":"https:\/\/pupr.edu\/es\/wp-json\/wp\/v2\/pages\/67974\/revisions"}],"predecessor-version":[{"id":74511,"href":"https:\/\/pupr.edu\/es\/wp-json\/wp\/v2\/pages\/67974\/revisions\/74511"}],"up":[{"embeddable":true,"href":"https:\/\/pupr.edu\/es\/wp-json\/wp\/v2\/pages\/42972"}],"wp:featuredmedia":[{"embeddable":true,"href":"https:\/\/pupr.edu\/es\/wp-json\/wp\/v2\/media\/12359"}],"wp:attachment":[{"href":"https:\/\/pupr.edu\/es\/wp-json\/wp\/v2\/media?parent=67974"}],"wp:term":[{"taxonomy":"program-categories","embeddable":true,"href":"https:\/\/pupr.edu\/es\/wp-json\/wp\/v2\/program-categories?post=67974"},{"taxonomy":"degree-categories","embeddable":true,"href":"https:\/\/pupr.edu\/es\/wp-json\/wp\/v2\/degree-categories?post=67974"}],"curies":[{"name":"wp","href":"https:\/\/api.w.org\/{rel}","templated":true}]}}