{"id":70772,"date":"2025-04-10T03:26:04","date_gmt":"2025-04-10T07:26:04","guid":{"rendered":"https:\/\/pupr.edu\/?page_id=70772"},"modified":"2025-12-03T22:41:58","modified_gmt":"2025-12-04T02:41:58","slug":"arq-summer","status":"publish","type":"page","link":"https:\/\/pupr.edu\/es\/arq-summer\/","title":{"rendered":"Arq Summer"},"content":{"rendered":"<div data-elementor-type=\"wp-page\" data-elementor-id=\"70772\" class=\"elementor elementor-70772\" data-elementor-post-type=\"page\">\n\t\t\t\t\t\t<section class=\"has_eae_slider elementor-section elementor-top-section elementor-element elementor-element-571474b8 elementor-section-full_width elementor-section-height-default elementor-section-height-default\" data-id=\"571474b8\" data-element_type=\"section\">\n\t\t\t\t\t\t<div class=\"elementor-container elementor-column-gap-default\">\n\t\t\t\t\t<div class=\"has_eae_slider elementor-column elementor-col-100 elementor-top-column elementor-element elementor-element-3660dde8\" data-id=\"3660dde8\" data-element_type=\"column\">\n\t\t\t<div class=\"elementor-widget-wrap elementor-element-populated\">\n\t\t\t\t\t\t<div class=\"elementor-element elementor-element-407486ec elementor-widget__width-initial elementor-absolute elementor-hidden-tablet elementor-hidden-mobile elementor-widget elementor-widget-image\" data-id=\"407486ec\" data-element_type=\"widget\" data-settings=\"{&quot;_position&quot;:&quot;absolute&quot;}\" data-widget_type=\"image.default\">\n\t\t\t\t<div class=\"elementor-widget-container\">\n\t\t\t\t\t\t\t\t\t\t\t\t\t<img fetchpriority=\"high\" decoding=\"async\" width=\"731\" height=\"715\" src=\"https:\/\/pupr.edu\/wp-content\/uploads\/2025\/02\/bg-mathcamp.png\" class=\"attachment-full size-full wp-image-69025\" alt=\"\" srcset=\"https:\/\/pupr.edu\/wp-content\/uploads\/2025\/02\/bg-mathcamp.png 731w, https:\/\/pupr.edu\/wp-content\/uploads\/2025\/02\/bg-mathcamp-12x12.png 12w, https:\/\/pupr.edu\/wp-content\/uploads\/2025\/02\/bg-mathcamp-24x24.png 24w, https:\/\/pupr.edu\/wp-content\/uploads\/2025\/02\/bg-mathcamp-36x36.png 36w, https:\/\/pupr.edu\/wp-content\/uploads\/2025\/02\/bg-mathcamp-48x48.png 48w\" sizes=\"(max-width: 731px) 100vw, 731px\" \/>\t\t\t\t\t\t\t\t\t\t\t\t\t<\/div>\n\t\t\t\t<\/div>\n\t\t\t\t<section class=\"has_eae_slider elementor-section elementor-inner-section elementor-element elementor-element-6d7cacce elementor-section-content-middle elementor-section-boxed elementor-section-height-default elementor-section-height-default\" data-id=\"6d7cacce\" data-element_type=\"section\">\n\t\t\t\t\t\t<div class=\"elementor-container elementor-column-gap-default\">\n\t\t\t\t\t<div class=\"has_eae_slider elementor-column elementor-col-50 elementor-inner-column elementor-element elementor-element-5a784e17\" data-id=\"5a784e17\" data-element_type=\"column\">\n\t\t\t<div class=\"elementor-widget-wrap elementor-element-populated\">\n\t\t\t\t\t\t<div class=\"elementor-element elementor-element-17bb43c8 elementor-widget elementor-widget-image\" data-id=\"17bb43c8\" data-element_type=\"widget\" data-widget_type=\"image.default\">\n\t\t\t\t<div class=\"elementor-widget-container\">\n\t\t\t\t\t\t\t\t\t\t\t\t\t<img decoding=\"async\" width=\"3375\" height=\"3375\" src=\"https:\/\/pupr.edu\/wp-content\/uploads\/2025\/12\/logo-taller-verano-arqpoli.png\" class=\"attachment-full size-full wp-image-74569\" alt=\"\" srcset=\"https:\/\/pupr.edu\/wp-content\/uploads\/2025\/12\/logo-taller-verano-arqpoli.png 3375w, https:\/\/pupr.edu\/wp-content\/uploads\/2025\/12\/logo-taller-verano-arqpoli-768x768.png 768w, https:\/\/pupr.edu\/wp-content\/uploads\/2025\/12\/logo-taller-verano-arqpoli-1536x1536.png 1536w, https:\/\/pupr.edu\/wp-content\/uploads\/2025\/12\/logo-taller-verano-arqpoli-2048x2048.png 2048w, https:\/\/pupr.edu\/wp-content\/uploads\/2025\/12\/logo-taller-verano-arqpoli-12x12.png 12w, https:\/\/pupr.edu\/wp-content\/uploads\/2025\/12\/logo-taller-verano-arqpoli-24x24.png 24w, https:\/\/pupr.edu\/wp-content\/uploads\/2025\/12\/logo-taller-verano-arqpoli-36x36.png 36w, https:\/\/pupr.edu\/wp-content\/uploads\/2025\/12\/logo-taller-verano-arqpoli-48x48.png 48w\" sizes=\"(max-width: 3375px) 100vw, 3375px\" \/>\t\t\t\t\t\t\t\t\t\t\t\t\t<\/div>\n\t\t\t\t<\/div>\n\t\t\t\t\t<\/div>\n\t\t<\/div>\n\t\t\t\t<div class=\"has_eae_slider elementor-column elementor-col-50 elementor-inner-column elementor-element elementor-element-35b0cc98\" data-id=\"35b0cc98\" data-element_type=\"column\">\n\t\t\t<div class=\"elementor-widget-wrap elementor-element-populated\">\n\t\t\t\t\t\t<div class=\"elementor-element elementor-element-47323c84 elementor-widget__width-initial elementor-widget elementor-widget-heading\" data-id=\"47323c84\" data-element_type=\"widget\" data-widget_type=\"heading.default\">\n\t\t\t\t<div class=\"elementor-widget-container\">\n\t\t\t<h2 class=\"elementor-heading-title elementor-size-default\">\u00a1Aprovecha al m\u00e1ximo tu verano y matr\u00edc\u00falate en el campamento de ARQUITECTURA. <\/h2>\t\t<\/div>\n\t\t\t\t<\/div>\n\t\t\t\t<div class=\"elementor-element elementor-element-697cf78e elementor-widget__width-initial elementor-widget elementor-widget-text-editor\" data-id=\"697cf78e\" data-element_type=\"widget\" data-widget_type=\"text-editor.default\">\n\t\t\t\t<div class=\"elementor-widget-container\">\n\t\t\t\t\t\t\t<div class='widget-content'><p>\u00a1Este verano, impulsa tu futuro en ARQPoli 2025! Un taller \u00fanico para explorar Arquitectura, Dise\u00f1o de Interiores, Paisajismo y m\u00e1s. Participa en actividades pr\u00e1cticas, conferencias de expertos y crea tu portafolio. \u00a1Tu punto de partida es en #LaPoliPR!<\/p><p>Obt\u00e9n tu insignia digital para validar las habilidades y conocimientos adquiridos en este taller.<\/p><\/div>\t\t\t\t\t\t<\/div>\n\t\t\t\t<\/div>\n\t\t\t\t<div class=\"elementor-element elementor-element-6a83c9b5 elementor-widget elementor-widget-text-editor\" data-id=\"6a83c9b5\" data-element_type=\"widget\" data-widget_type=\"text-editor.default\">\n\t\t\t\t<div class=\"elementor-widget-container\">\n\t\t\t\t\t\t\t<div class='widget-content'><p>Costo: <strong> $795.00<\/strong><\/p><\/div>\t\t\t\t\t\t<\/div>\n\t\t\t\t<\/div>\n\t\t\t\t<div class=\"elementor-element elementor-element-5e4fcdb9 elementor-mobile-align-justify elementor-widget elementor-widget-button\" data-id=\"5e4fcdb9\" data-element_type=\"widget\" data-widget_type=\"button.default\">\n\t\t\t\t<div class=\"elementor-widget-container\">\n\t\t\t\t\t\t\t<div class=\"elementor-button-wrapper\">\n\t\t\t\t\t<a class=\"elementor-button elementor-button-link elementor-size-sm\" href=\"https:\/\/www.emailmeform.com\/builder\/emf\/Registrocurso\/DesarrolloPreUniPoli?fbclid=IwY2xjawKLESBleHRuA2FlbQIxMABicmlkETFtTEJIV3lhbDBKTUFhOERCAR7zqlxYCrya1Ttg-ARJZ2W5F9eoNuyW4SPEzllBgiZIoSYXQST1LoVEncMPSQ_aem_n2mbDKyuQlqoZmutDxJzGg\">\n\t\t\t\t\t\t<span class=\"elementor-button-content-wrapper\">\n\t\t\t\t\t\t\t\t\t<span class=\"elementor-button-text\">REG\u00cdSTRATE PARA M\u00c1S INFORMACI\u00d3N<\/span>\n\t\t\t\t\t<\/span>\n\t\t\t\t\t<\/a>\n\t\t\t\t<\/div>\n\t\t\t\t\t\t<\/div>\n\t\t\t\t<\/div>\n\t\t\t\t\t<\/div>\n\t\t<\/div>\n\t\t\t\t\t<\/div>\n\t\t<\/section>\n\t\t\t\t\t<\/div>\n\t\t<\/div>\n\t\t\t\t\t<\/div>\n\t\t<\/section>\n\t\t\t\t<section class=\"has_eae_slider elementor-section elementor-top-section elementor-element elementor-element-39d3aa82 elementor-hidden-desktop elementor-hidden-tablet elementor-hidden-mobile elementor-section-boxed elementor-section-height-default elementor-section-height-default\" data-id=\"39d3aa82\" data-element_type=\"section\" data-settings=\"{&quot;background_background&quot;:&quot;gradient&quot;}\">\n\t\t\t\t\t\t<div class=\"elementor-container elementor-column-gap-default\">\n\t\t\t\t\t<div class=\"has_eae_slider elementor-column elementor-col-50 elementor-top-column elementor-element elementor-element-15e9aaa3\" data-id=\"15e9aaa3\" data-element_type=\"column\">\n\t\t\t<div class=\"elementor-widget-wrap elementor-element-populated\">\n\t\t\t\t\t\t<div class=\"elementor-element elementor-element-27be88aa elementor-widget elementor-widget-menu-anchor\" data-id=\"27be88aa\" data-element_type=\"widget\" data-widget_type=\"menu-anchor.default\">\n\t\t\t\t<div class=\"elementor-widget-container\">\n\t\t\t\t\t<div class=\"elementor-menu-anchor\" id=\"reg_form_camp\"><\/div>\n\t\t\t\t<\/div>\n\t\t\t\t<\/div>\n\t\t\t\t<div class=\"elementor-element elementor-element-1fc11b72 fr_title elementor-widget elementor-widget-heading\" data-id=\"1fc11b72\" data-element_type=\"widget\" data-widget_type=\"heading.default\">\n\t\t\t\t<div class=\"elementor-widget-container\">\n\t\t\t<h2 class=\"elementor-heading-title elementor-size-default\">REG\u00cdSTRATE AQU\u00cd<\/h2>\t\t<\/div>\n\t\t\t\t<\/div>\n\t\t\t\t<div class=\"elementor-element elementor-element-15f60fb0 fr_details_math elementor-widget elementor-widget-text-editor\" data-id=\"15f60fb0\" data-element_type=\"widget\" data-widget_type=\"text-editor.default\">\n\t\t\t\t<div class=\"elementor-widget-container\">\n\t\t\t\t\t\t\t<div class='widget-content'>Complete el formulario y nuestro equipo se estar\u00e1 comunicando con usted pronto.<\/div>\t\t\t\t\t\t<\/div>\n\t\t\t\t<\/div>\n\t\t\t\t<div class=\"elementor-element elementor-element-505d7611 elementor-widget elementor-widget-shortcode\" data-id=\"505d7611\" data-element_type=\"widget\" data-widget_type=\"shortcode.default\">\n\t\t\t\t<div class=\"elementor-widget-container\">\n\t\t\t\t\t<div class=\"elementor-shortcode\"><div class=\"math_camp_register\" id=\"math_camp_register\">  <\/div> \r\n    \t\t<div class=\"math_camp_register_form form_hide_camp\" id=\"math_camp_register_form\">  \r\n    \t\t    <form  class=\"form-horizontal\" method=\"post\" onsubmit=\"return mathcamp_register(this);\">            \r\n              \t\t<div class=\"row\">\r\n\t              \t\t<div class=\"col-md-3\">\r\n\t                  \t\t<div class=\"form-group relPos upInputs\">\r\n\t                  \t\t\t<input type=\"text\" name=\"fname\" id=\"fname\" class=\"form-control\" value=\"\" placeholder=\"\">\r\n\t        \t\t\t\t\t<label class=\"upLabel\"> Nombre <\/label>\r\n\t                    \t<\/div>\r\n\t                    \t<span id=\"errMsgfirst\" class=\"error-message\" style=\"display:none;\">Este campo es obligatorio<\/span>\r\n\t                  \t<\/div>\r\n\t                  \t<div class=\"col-md-2\">\r\n\t                  \t\t<div class=\"form-group relPos upInputs\">\r\n\t\t                    \t<input type=\"text\" name=\"inicial\" id=\"inicial\" class=\"form-control\" value=\"\" placeholder=\"\">\r\n\t\t                    \t<label class=\"upLabel\"> Inicial <\/label>\r\n\t                   \t\t<\/div>\r\n\t                     \t<span id=\"errMsginicial\" class=\"error-message\" style=\"display:none;\">Este campo es obligatorio<\/span>\r\n\t                  \t<\/div>\r\n\t             \t\t<div class=\"col-md-3\">\r\n                  \t\t\t<div class=\"form-group relPos upInputs\">\r\n                  \t\t\t\t<input type=\"text\" name=\"last_name\" id=\"last_name\" class=\"form-control\" value=\"\" placeholder=\"\">\r\n                    \t\t\t<label class=\"upLabel\"> Apellido Paterno <\/label>\r\n                    \t\t<\/div>\r\n                    \t \t<span id=\"errMsglast_name\" class=\"error-message\" style=\"display:none;\">Este campo es obligatorio<\/span>\r\n                    \t <\/div>\r\n                \t\t<div class=\"col-md-3\">\r\n                \t\t\t<div class=\"form-group relPos upInputs\">\r\n                \t\t\t\t<input type=\"text\" name=\"mother_last_name\" id=\"mother_last_name\" class=\"form-control\" value=\"\" placeholder=\"\">\r\n                    \t\t\t<label class=\"upLabel\"> Apellido Materno <\/label>\r\n                    \t\t<\/div>\r\n                    \t \t<span id=\"errMsgmaother_name\" class=\"error-message\" style=\"display:none;\">Este campo es obligatorio<\/span>\r\n                \t\t<\/div>\r\n                \t<\/div>\r\n                \t<div class=\"row\">\r\n\t                \t<div class=\"col-md-11\">\r\n\t                \t\t<div class=\"row\">\r\n\r\n\t\t\t\t\t\t\t<div class=\"col-md-6\">\r\n\t\t                \t\t<div class=\"form-group relPos upInputs\">\r\n\t\t                \t\t\t<input type=\"email\"  name=\"email\" id=\"email\"  class=\"form-control\" value=\"\" placeholder=\"\">\r\n\t\t                   \t\t\t<label class=\"upLabel\"> Correo Electr\u00f3nico <\/label>\r\n\t\t                   \t\t<\/div>\r\n\t\t                   \t\t<span id=\"errMsgemail\" class=\"error-message\" style=\"display:none;\">Este campo es obligatorio<\/span>\r\n\t\t                  \t<\/div>\r\n\t\t               \t\t<div class=\"col-md-6\">\r\n\t\t                \t\t<div class=\"form-group relPos upInputs\">\r\n\t\t                \t\t\t<input type=\"text\"  name=\"phone\" id=\"phone\"  class=\"form-control phone_us\" value=\"\" placeholder=\"\">\r\n\t\t                   \t\t\t<label class=\"upLabel\"> Tel\u00e9fono <\/label>\r\n\t\t                   \t\t<\/div>\r\n\t\t                   \t\t<span id=\"errMsgphone\" class=\"error-message\" style=\"display:none;\">Este campo es obligatorio<\/span>\r\n\t\t                  \t<\/div>\r\n\t                  \t\r\n\t\t               \t\t<div class=\"col-md-6\">\r\n\t\t                \t\t<div class=\"form-group relPos upInputs\">\r\n\t\t                \t\t\t<input type=\"text\"  name=\"degree\" id=\"degree\"  class=\"form-control\" value=\"\" placeholder=\"\">\r\n\t\t                   \t\t\t<label class=\"upLabel\"> Grado que cursa <\/label>\r\n\t\t                   \t\t<\/div>\r\n\t\t                   \t\t<span id=\"errMsgdegree\" class=\"error-message\" style=\"display:none;\">Este campo es obligatorio<\/span>\r\n\t\t                  \t<\/div>\r\n\t\t                \t<div class=\"col-md-6\">\r\n\t\t                \t\t<div class=\"form-group relPos upInputs\">\r\n\t\t                   \t\t\t<input type=\"text\" name=\"school_of_origin\" id=\"school_of_origin\"  class=\"form-control\" value=\"\" placeholder=\"\">\r\n\t\t                   \t\t\t<label class=\"upLabel\"> Escuela de Procedencia <\/label>\r\n\t\t                   \t\t<\/div>\r\n\t\t                   \t\t<span id=\"errMsgschool\" class=\"error-message\" style=\"display:none;\">Este campo es obligatorio<\/span>\r\n\t\t                  \t<\/div>\r\n\t\t                  \t<\/div>\r\n\t                \t<\/div>\r\n\t                <\/div>\r\n\t\t\t\t\t<div class=\"row form-group\">\r\n\t                  \t<div class=\"col-md-4\">\r\n\t                    \t<div class=\"g-recaptcha\" id=\"g-recaptcha-1\" data-sitekey=\"6LfpkqEUAAAAAODGo-kc-1xA3_GiYA-XesoROWFN\" render=\"explicit\"><\/div>\r\n\t                    \t<div class=\"recap_error hide error-message\">Por favor confirma que no eres un robot<\/div>\r\n\t                  \t<\/div>\r\n                \t<\/div>\r\n\t\t\t\t\t<div class=\"row form-group\"> \r\n                  \t\t<div class=\"col-md-12\">\r\n                  \t\t\t<div class=\"terms\">\r\n\t                   \t\t\t<input type=\"checkbox\" name=\"accept_terms\" id=\"accept_terms\" class=\"form-control\" value=\"yes\">\r\n\t                   \t\t\t<div class=\"custome_checkbox\"><\/div>\r\n\t                   \t\t\t<label>Acepto recibir informacion sobre la Universidad Politecnica de Puerto Rico utilizando la  informacion compartida en  este  formulario. <\/label>\r\n                   \t\t\t<\/div>\r\n                   \t\t \t<span id=\"errMsgterm\" class=\"error-message\" style=\"display:none;\">Este campo es obligatorio<\/span>\r\n             \t\t\t<\/div>\r\n                \t<\/div>\r\n                \t<div class=\"row form-group\">\r\n                  \t\t<div class=\"col-sm-12\">                  \r\n                  \t\t\t<div id=\"paypal-button-container2\"><\/div>\r\n                    \t\t<input type=\"submit\" value=\"ENVIAR\" class=\"fill-btn btn-block\" id=\"register_btn\"  name=\"\">\r\n    \t\t\t\t \t<\/div>\r\n                \t<\/div>\r\n              <input type=\"hidden\" name=\"trp-form-language\" value=\"es\"\/><\/form>\r\n\r\n            <\/div>\r\n            <div id=\"sucess_msg_show\" class=\"d-none\">\r\n\t\t\t    <h2>\u00a1Gracias por contactarnos!<\/h2>\r\n\t\t\t    <p>Verificaremos le informaci\u00f3n compartida y estaremos en contacto con usted.<\/p>\r\n\t\t\t    \r\n\t\t\t<\/div><\/div>\n\t\t\t\t<\/div>\n\t\t\t\t<\/div>\n\t\t\t\t\t<\/div>\n\t\t<\/div>\n\t\t\t\t<div class=\"has_eae_slider elementor-column elementor-col-50 elementor-top-column elementor-element elementor-element-6af5c8a7\" data-id=\"6af5c8a7\" data-element_type=\"column\" data-settings=\"{&quot;background_background&quot;:&quot;classic&quot;}\">\n\t\t\t<div class=\"elementor-widget-wrap elementor-element-populated\">\n\t\t\t\t\t\t<div class=\"elementor-element elementor-element-1fc983c7 elementor-widget elementor-widget-image\" data-id=\"1fc983c7\" data-element_type=\"widget\" data-widget_type=\"image.default\">\n\t\t\t\t<div class=\"elementor-widget-container\">\n\t\t\t\t\t\t\t\t\t\t\t\t\t<img decoding=\"async\" width=\"960\" height=\"827\" src=\"https:\/\/pupr.edu\/wp-content\/uploads\/2025\/02\/Math-Camp-Admisiones.jpg\" class=\"attachment-full size-full wp-image-69003\" alt=\"\" srcset=\"https:\/\/pupr.edu\/wp-content\/uploads\/2025\/02\/Math-Camp-Admisiones.jpg 960w, https:\/\/pupr.edu\/wp-content\/uploads\/2025\/02\/Math-Camp-Admisiones-768x662.jpg 768w, https:\/\/pupr.edu\/wp-content\/uploads\/2025\/02\/Math-Camp-Admisiones-14x12.jpg 14w, https:\/\/pupr.edu\/wp-content\/uploads\/2025\/02\/Math-Camp-Admisiones-24x21.jpg 24w, https:\/\/pupr.edu\/wp-content\/uploads\/2025\/02\/Math-Camp-Admisiones-36x31.jpg 36w, https:\/\/pupr.edu\/wp-content\/uploads\/2025\/02\/Math-Camp-Admisiones-48x41.jpg 48w\" sizes=\"(max-width: 960px) 100vw, 960px\" \/>\t\t\t\t\t\t\t\t\t\t\t\t\t<\/div>\n\t\t\t\t<\/div>\n\t\t\t\t<section class=\"has_eae_slider elementor-section elementor-inner-section elementor-element elementor-element-69bf815c elementor-section-boxed elementor-section-height-default elementor-section-height-default\" data-id=\"69bf815c\" data-element_type=\"section\">\n\t\t\t\t\t\t<div class=\"elementor-container elementor-column-gap-default\">\n\t\t\t\t\t<div class=\"has_eae_slider elementor-column elementor-col-100 elementor-inner-column elementor-element elementor-element-6cce0ae3\" data-id=\"6cce0ae3\" data-element_type=\"column\" data-settings=\"{&quot;background_background&quot;:&quot;classic&quot;}\">\n\t\t\t<div class=\"elementor-widget-wrap elementor-element-populated\">\n\t\t\t\t\t\t<div class=\"elementor-element elementor-element-5f44c230 elementor-widget elementor-widget-heading\" data-id=\"5f44c230\" data-element_type=\"widget\" data-widget_type=\"heading.default\">\n\t\t\t\t<div class=\"elementor-widget-container\">\n\t\t\t<h2 class=\"elementor-heading-title elementor-size-default\">Oficina de<\/h2>\t\t<\/div>\n\t\t\t\t<\/div>\n\t\t\t\t<div class=\"elementor-element elementor-element-7b1041c0 elementor-widget elementor-widget-heading\" data-id=\"7b1041c0\" data-element_type=\"widget\" data-widget_type=\"heading.default\">\n\t\t\t\t<div class=\"elementor-widget-container\">\n\t\t\t<h2 class=\"elementor-heading-title elementor-size-default\">Admisiones y Promoci\u00f3n<\/h2>\t\t<\/div>\n\t\t\t\t<\/div>\n\t\t\t\t<div class=\"elementor-element elementor-element-1e2dd267 elementor-widget__width-initial elementor-widget elementor-widget-image\" data-id=\"1e2dd267\" data-element_type=\"widget\" data-widget_type=\"image.default\">\n\t\t\t\t<div class=\"elementor-widget-container\">\n\t\t\t\t\t\t\t\t\t\t\t\t\t<img loading=\"lazy\" decoding=\"async\" width=\"585\" height=\"10\" src=\"https:\/\/pupr.edu\/wp-content\/uploads\/2025\/02\/Group-8299.png\" class=\"attachment-full size-full wp-image-69056\" alt=\"\" srcset=\"https:\/\/pupr.edu\/wp-content\/uploads\/2025\/02\/Group-8299.png 585w, https:\/\/pupr.edu\/wp-content\/uploads\/2025\/02\/Group-8299-18x1.png 18w, https:\/\/pupr.edu\/wp-content\/uploads\/2025\/02\/Group-8299-24x1.png 24w, https:\/\/pupr.edu\/wp-content\/uploads\/2025\/02\/Group-8299-36x1.png 36w, https:\/\/pupr.edu\/wp-content\/uploads\/2025\/02\/Group-8299-48x1.png 48w\" sizes=\"(max-width: 585px) 100vw, 585px\" \/>\t\t\t\t\t\t\t\t\t\t\t\t\t<\/div>\n\t\t\t\t<\/div>\n\t\t\t\t<div class=\"elementor-element elementor-element-6809cfa1 elementor-widget elementor-widget-text-editor\" data-id=\"6809cfa1\" data-element_type=\"widget\" data-widget_type=\"text-editor.default\">\n\t\t\t\t<div class=\"elementor-widget-container\">\n\t\t\t\t\t\t\t<div class='widget-content'><p><a style=\"color: #0d80c9;\" href=\"mailto:admisiones@pupr.edu\">admisiones@pupr.edu<\/a><\/p><p>787-622-8000 Ext. 309 \/ 240<\/p><\/div>\t\t\t\t\t\t<\/div>\n\t\t\t\t<\/div>\n\t\t\t\t<div class=\"elementor-element elementor-element-5f87b634 elementor-widget elementor-widget-heading\" data-id=\"5f87b634\" data-element_type=\"widget\" data-widget_type=\"heading.default\">\n\t\t\t\t<div class=\"elementor-widget-container\">\n\t\t\t<h2 class=\"elementor-heading-title elementor-size-default\">Horario del taller<\/h2>\t\t<\/div>\n\t\t\t\t<\/div>\n\t\t\t\t<div class=\"elementor-element elementor-element-9d60391 elementor-widget__width-initial elementor-widget elementor-widget-text-editor\" data-id=\"9d60391\" data-element_type=\"widget\" data-widget_type=\"text-editor.default\">\n\t\t\t\t<div class=\"elementor-widget-container\">\n\t\t\t\t\t\t\t<div class='widget-content'><p>Lunes a viernes <strong> 8:30 a.m. &#8211; 1:00 p.m.<\/strong><\/p><\/div>\t\t\t\t\t\t<\/div>\n\t\t\t\t<\/div>\n\t\t\t\t<div class=\"elementor-element elementor-element-6c0ab5c1 elementor-widget elementor-widget-text-editor\" data-id=\"6c0ab5c1\" data-element_type=\"widget\" data-widget_type=\"text-editor.default\">\n\t\t\t\t<div class=\"elementor-widget-container\">\n\t\t\t\t\t\t\t<div class='widget-content'><p>Receso de <strong> 10:30 a.m. &#8211; 11:00 a.m.<\/strong><\/p><\/div>\t\t\t\t\t\t<\/div>\n\t\t\t\t<\/div>\n\t\t\t\t\t<\/div>\n\t\t<\/div>\n\t\t\t\t\t<\/div>\n\t\t<\/section>\n\t\t\t\t\t<\/div>\n\t\t<\/div>\n\t\t\t\t\t<\/div>\n\t\t<\/section>\n\t\t\t\t<\/div>","protected":false},"excerpt":{"rendered":"\u00a1Aprovecha al m\u00e1ximo tu verano y matr\u00edc\u00falate en el campamento de ARQUITECTURA. \u00a1Este verano, impulsa tu futuro en ARQPoli 2025! Un taller \u00fanico para explorar Arquitectura, Dise\u00f1o de Interiores, Paisajismo y m\u00e1s. Participa en actividades pr\u00e1cticas, conferencias de expertos y crea tu portafolio. \u00a1Tu punto de partida es en #LaPoliPR!Obt\u00e9n tu insignia digital para validar [&hellip;]","protected":false},"author":11,"featured_media":0,"parent":0,"menu_order":0,"comment_status":"closed","ping_status":"closed","template":"template-mathcamp.php","meta":{"_acf_changed":false,"inline_featured_image":false,"_monsterinsights_skip_tracking":false,"_monsterinsights_sitenote_active":false,"_monsterinsights_sitenote_note":"","_monsterinsights_sitenote_category":0,"ngg_post_thumbnail":0,"footnotes":""},"program-categories":[],"degree-categories":[],"class_list":["post-70772","page","type-page","status-publish","hentry"],"acf":[],"_links":{"self":[{"href":"https:\/\/pupr.edu\/es\/wp-json\/wp\/v2\/pages\/70772","targetHints":{"allow":["GET"]}}],"collection":[{"href":"https:\/\/pupr.edu\/es\/wp-json\/wp\/v2\/pages"}],"about":[{"href":"https:\/\/pupr.edu\/es\/wp-json\/wp\/v2\/types\/page"}],"author":[{"embeddable":true,"href":"https:\/\/pupr.edu\/es\/wp-json\/wp\/v2\/users\/11"}],"replies":[{"embeddable":true,"href":"https:\/\/pupr.edu\/es\/wp-json\/wp\/v2\/comments?post=70772"}],"version-history":[{"count":13,"href":"https:\/\/pupr.edu\/es\/wp-json\/wp\/v2\/pages\/70772\/revisions"}],"predecessor-version":[{"id":74591,"href":"https:\/\/pupr.edu\/es\/wp-json\/wp\/v2\/pages\/70772\/revisions\/74591"}],"wp:attachment":[{"href":"https:\/\/pupr.edu\/es\/wp-json\/wp\/v2\/media?parent=70772"}],"wp:term":[{"taxonomy":"program-categories","embeddable":true,"href":"https:\/\/pupr.edu\/es\/wp-json\/wp\/v2\/program-categories?post=70772"},{"taxonomy":"degree-categories","embeddable":true,"href":"https:\/\/pupr.edu\/es\/wp-json\/wp\/v2\/degree-categories?post=70772"}],"curies":[{"name":"wp","href":"https:\/\/api.w.org\/{rel}","templated":true}]}}