{"id":73399,"date":"2025-09-16T18:07:12","date_gmt":"2025-09-16T22:07:12","guid":{"rendered":"https:\/\/pupr.edu\/?page_id=73399"},"modified":"2025-09-16T18:14:30","modified_gmt":"2025-09-16T22:14:30","slug":"2024-certifications","status":"publish","type":"page","link":"https:\/\/pupr.edu\/es\/about\/council\/2024-certifications\/","title":{"rendered":"2024 Certifications"},"content":{"rendered":"<div data-elementor-type=\"wp-page\" data-elementor-id=\"73399\" class=\"elementor elementor-73399\" data-elementor-post-type=\"page\">\n\t\t\t\t\t\t<section class=\"has_eae_slider elementor-section elementor-top-section elementor-element elementor-element-745db725 elementor-section-boxed elementor-section-height-default elementor-section-height-default\" data-id=\"745db725\" data-element_type=\"section\">\n\t\t\t\t\t\t<div class=\"elementor-container elementor-column-gap-default\">\n\t\t\t\t\t<div class=\"has_eae_slider elementor-column elementor-col-100 elementor-top-column elementor-element elementor-element-40f69149\" data-id=\"40f69149\" data-element_type=\"column\">\n\t\t\t<div class=\"elementor-widget-wrap elementor-element-populated\">\n\t\t\t\t\t\t<div class=\"elementor-element elementor-element-3e9a911d elementor-widget elementor-widget-text-editor\" data-id=\"3e9a911d\" data-element_type=\"widget\" data-widget_type=\"text-editor.default\">\n\t\t\t\t<div class=\"elementor-widget-container\">\n\t\t\t\t\t\t\t<div class='widget-content'><figure class=\"table\"><table class=\"tftable\" border=\"1\"><tbody><tr><td width=\"131\"><strong>Certificaci\u00f3n<\/strong><\/td><td width=\"732\"><strong>Descripci\u00f3n<\/strong><\/td><\/tr><tr><td width=\"131\"><a href=\"https:\/\/pupr.edu\/wp-content\/uploads\/2025\/09\/CA-01-24-1.pdf\" target=\"_blank\" rel=\"noopener\">CA # 01-24<\/a><\/td><td width=\"732\">Modificaci\u00f3n Pol\u00edtica de Readmisi\u00f3n de Cursos Caducados (sustituye la Certificaci\u00f3n CA-97-01), 7 de junio de 2024.<\/td><\/tr><tr><td width=\"131\"><a href=\"https:\/\/pupr.edu\/wp-content\/uploads\/2025\/09\/CA-02-24-1.pdf\" target=\"_blank\" rel=\"noopener\">CA # 02-24<\/a><\/td><td width=\"732\">Aprobaci\u00f3n de Micro credenciales en el Bachillerato en Ciencias en Ingenier\u00eda Biom\u00e9dica (BME, Bachelor of Science in Biomedical Engineering): Clinical Engineering and Biomechanics of Sport, 7 de junio de 2024.<\/td><\/tr><tr><td width=\"131\"><a href=\"https:\/\/pupr.edu\/wp-content\/uploads\/2025\/09\/CA-03-24-1.pdf\" target=\"_blank\" rel=\"noopener\">CA # 03-24<\/a><\/td><td width=\"732\">Cambio curricular en el Departamento de Ingenier\u00eda Mec\u00e1nica, concentraci\u00f3n en Ingenier\u00eda Aeroespacial (Aerospace): Design of Manned Aerospace Vehicles, Design of Propulsion Systems and Design of Unmanned Aerial Vehicles (San Juan, Miami y Orlando), 7 de junio de 2024.<\/td><\/tr><tr><td width=\"131\"><a href=\"https:\/\/pupr.edu\/wp-content\/uploads\/2025\/09\/CA-04-24-1.pdf\" target=\"_blank\" rel=\"noopener\">CA # 04-24<\/a><\/td><td width=\"732\">Aprobaci\u00f3n del Certificado Graduado Artificial Intelligence and Data Analytics (Graduate Certificate in Artificial Intelligence and Data Analytics (GCAIDA)) del Programa Graduado de Maestr\u00edas en Ingenier\u00eda El\u00e9ctrica y Computadoras y Ciencias de Computadoras, 7 de junio de 2024.<\/td><\/tr><tr><td width=\"131\"><a href=\"https:\/\/pupr.edu\/wp-content\/uploads\/2025\/09\/CA-05-24-1.pdf\" target=\"_blank\" rel=\"noopener\">CA # 05-24<\/a><\/td><td width=\"732\">Aprobaci\u00f3n de la Maestr\u00eda en Ciencias de Computadoras (Master in Computer Science (MCS), opci\u00f3n no tesis) en l\u00ednea, 7 de junio de 2024.<\/td><\/tr><tr><td width=\"131\"><a href=\"https:\/\/pupr.edu\/wp-content\/uploads\/2025\/09\/CA-06-24-1.pdf\" target=\"_blank\" rel=\"noopener\">CA # 06-24<\/a><\/td><td width=\"732\">Cambios a 11 cursos de ciencias administrados por el Departamento de Matem\u00e1ticas y Ciencias y la creaci\u00f3n del curso Clinical Microbiology (requisito prem\u00e9dica), efectivo en agosto 2024.<\/td><\/tr><tr><td width=\"131\"><a href=\"https:\/\/pupr.edu\/wp-content\/uploads\/2025\/09\/CA-07-24-1.pdf\" target=\"_blank\" rel=\"noopener\">CA # 07-24<\/a><\/td><td width=\"732\">Creaci\u00f3n del Bachillerato en Ciencias en Gerencia de Proyecto (Bachelor of Science in Project Management) bajo la Escuela de Administraci\u00f3n de Empresas, 7 de junio de 2024.<\/td><\/tr><tr><td width=\"131\"><a href=\"https:\/\/pupr.edu\/wp-content\/uploads\/2025\/09\/CA-08-24-1.pdf\" target=\"_blank\" rel=\"noopener\">CA # 08-24<\/a><\/td><td width=\"732\">Reinstalaci\u00f3n del programa BSOM (Bachelor of Science Organizational Management) y Restablecimiento de los MINI TERMS (cursos de 6 semanas) &#8211; Recintos de Florida, 7 de junio de 2024.<\/td><\/tr><tr><td width=\"131\"><a href=\"https:\/\/pupr.edu\/wp-content\/uploads\/2025\/09\/CA-09-24-1.pdf\" target=\"_blank\" rel=\"noopener\">CA # 09-24<\/a><\/td><td width=\"732\">Asunto Informativo: Cambio de Calificaci\u00f3n de WF a WU (efectivo en FALL-2025 y aplica a San Juan, Miami y Orlando).<\/td><\/tr><tr><td width=\"131\"><a href=\"https:\/\/pupr.edu\/wp-content\/uploads\/2025\/09\/CA-10-24-1.pdf\" target=\"_blank\" rel=\"noopener\">CA # 10-24<\/a><\/td><td width=\"732\">Cambio curricular de Master of Science in Computer Science (MSCS, Maestr\u00eda en Ciencias de Computadoras, con Tesis) y Master in Computer Science (MCS, Maestr\u00eda en Ciencias de Computadoras, No Tesis) con la nueva especialidad en Artificial Intelligence in Cybersecurity (AICyber), 18 de octubre de 2024.<\/td><\/tr><tr><td width=\"131\"><a href=\"https:\/\/pupr.edu\/wp-content\/uploads\/2025\/09\/CA-11-24-1.pdf\" target=\"_blank\" rel=\"noopener\">CA # 11-24<\/a><\/td><td width=\"732\">Cambio de nombre de la Escuela de Ingenier\u00eda, Agrimensura y Ciencias Geoespaciales a Escuela de Ingenier\u00eda y Ciencias Aplicadas (School of Engineering and Applied Sciences), 18 de octubre de 2024.<\/td><\/tr><\/tbody><\/table><\/figure><\/div>\t\t\t\t\t\t<\/div>\n\t\t\t\t<\/div>\n\t\t\t\t\t<\/div>\n\t\t<\/div>\n\t\t\t\t\t<\/div>\n\t\t<\/section>\n\t\t\t\t<\/div>","protected":false},"excerpt":{"rendered":"Certificaci\u00f3nDescripci\u00f3nCA # 01-24Modificaci\u00f3n Pol\u00edtica de Readmisi\u00f3n de Cursos Caducados (sustituye la Certificaci\u00f3n CA-97-01), 7 de junio de 2024.CA # 02-24Aprobaci\u00f3n de Micro credenciales en el Bachillerato en Ciencias en Ingenier\u00eda Biom\u00e9dica (BME, Bachelor of Science in Biomedical Engineering): Clinical Engineering and Biomechanics of Sport, 7 de junio de 2024.CA # 03-24Cambio curricular en el Departamento [&hellip;]","protected":false},"author":14,"featured_media":0,"parent":43651,"menu_order":0,"comment_status":"closed","ping_status":"closed","template":"template-about-certification.php","meta":{"_acf_changed":false,"inline_featured_image":false,"_monsterinsights_skip_tracking":false,"_monsterinsights_sitenote_active":false,"_monsterinsights_sitenote_note":"","_monsterinsights_sitenote_category":0,"ngg_post_thumbnail":0,"footnotes":""},"program-categories":[],"degree-categories":[],"class_list":["post-73399","page","type-page","status-publish","hentry"],"acf":[],"_links":{"self":[{"href":"https:\/\/pupr.edu\/es\/wp-json\/wp\/v2\/pages\/73399","targetHints":{"allow":["GET"]}}],"collection":[{"href":"https:\/\/pupr.edu\/es\/wp-json\/wp\/v2\/pages"}],"about":[{"href":"https:\/\/pupr.edu\/es\/wp-json\/wp\/v2\/types\/page"}],"author":[{"embeddable":true,"href":"https:\/\/pupr.edu\/es\/wp-json\/wp\/v2\/users\/14"}],"replies":[{"embeddable":true,"href":"https:\/\/pupr.edu\/es\/wp-json\/wp\/v2\/comments?post=73399"}],"version-history":[{"count":7,"href":"https:\/\/pupr.edu\/es\/wp-json\/wp\/v2\/pages\/73399\/revisions"}],"predecessor-version":[{"id":73421,"href":"https:\/\/pupr.edu\/es\/wp-json\/wp\/v2\/pages\/73399\/revisions\/73421"}],"up":[{"embeddable":true,"href":"https:\/\/pupr.edu\/es\/wp-json\/wp\/v2\/pages\/43651"}],"wp:attachment":[{"href":"https:\/\/pupr.edu\/es\/wp-json\/wp\/v2\/media?parent=73399"}],"wp:term":[{"taxonomy":"program-categories","embeddable":true,"href":"https:\/\/pupr.edu\/es\/wp-json\/wp\/v2\/program-categories?post=73399"},{"taxonomy":"degree-categories","embeddable":true,"href":"https:\/\/pupr.edu\/es\/wp-json\/wp\/v2\/degree-categories?post=73399"}],"curies":[{"name":"wp","href":"https:\/\/api.w.org\/{rel}","templated":true}]}}