{"id":73853,"date":"2025-10-08T19:41:46","date_gmt":"2025-10-08T23:41:46","guid":{"rendered":"https:\/\/pupr.edu\/?page_id=73853"},"modified":"2025-11-26T18:15:33","modified_gmt":"2025-11-26T22:15:33","slug":"2025-certifications","status":"publish","type":"page","link":"https:\/\/pupr.edu\/es\/about\/council\/2025-certifications\/","title":{"rendered":"2025 Certifications"},"content":{"rendered":"<div data-elementor-type=\"wp-page\" data-elementor-id=\"73853\" class=\"elementor elementor-73853\" data-elementor-post-type=\"page\">\n\t\t\t\t\t\t<section class=\"has_eae_slider elementor-section elementor-top-section elementor-element elementor-element-745db725 elementor-section-boxed elementor-section-height-default elementor-section-height-default\" data-id=\"745db725\" data-element_type=\"section\">\n\t\t\t\t\t\t<div class=\"elementor-container elementor-column-gap-default\">\n\t\t\t\t\t<div class=\"has_eae_slider elementor-column elementor-col-100 elementor-top-column elementor-element elementor-element-40f69149\" data-id=\"40f69149\" data-element_type=\"column\">\n\t\t\t<div class=\"elementor-widget-wrap elementor-element-populated\">\n\t\t\t\t\t\t<div class=\"elementor-element elementor-element-3e9a911d elementor-widget elementor-widget-text-editor\" data-id=\"3e9a911d\" data-element_type=\"widget\" data-widget_type=\"text-editor.default\">\n\t\t\t\t<div class=\"elementor-widget-container\">\n\t\t\t\t\t\t\t<div class='widget-content'><figure class=\"table\"><p>\u00a0<\/p><table class=\"tftable\" border=\"1\"><tbody><tr><td style=\"width: 131px;\"><strong>Certificaci\u00f3n<\/strong><\/td><td style=\"width: 732px;\"><strong>Descripci\u00f3n<\/strong><\/td><\/tr><tr><td style=\"width: 131px;\"><a href=\"https:\/\/pupr.edu\/wp-content\/uploads\/2025\/10\/CA-01-25-1.pdf\" target=\"_blank\" rel=\"noopener noreferrer\">CA # 01-25<\/a><\/td><td style=\"width: 732px;\">Cambios curriculares del programa de Bachillerato en Ingenier\u00eda Qu\u00edmica, 30 de mayo de 2025.<\/td><\/tr><tr><td style=\"width: 131px;\"><a href=\"https:\/\/pupr.edu\/wp-content\/uploads\/2025\/10\/CA-02-25-1.pdf\" target=\"_blank\" rel=\"noopener noreferrer\">CA # 02-25<\/a><\/td><td style=\"width: 732px;\">Cambios curriculares: Eliminaci\u00f3n del curso prerrequisito CECS 6605 (<i>Advanced Database Systems<\/i>) para el curso CECS 7530 (<i>Data Mining and Data Warehousing<\/i>) de la Maestr\u00eda en Ciencias en Ciencias de Computadoras, 30 de mayo de 2025.<\/td><\/tr><tr><td style=\"width: 131px;\"><a href=\"https:\/\/pupr.edu\/wp-content\/uploads\/2025\/10\/CA-03-25-1.pdf\" target=\"_blank\" rel=\"noopener noreferrer\">CA # 03-25<\/a><\/td><td style=\"width: 732px;\">Creaci\u00f3n de la micro credencial Fundamentos de Negocios (Business Fundamentals), 30 de mayo de 2025.<\/td><\/tr><tr><td style=\"width: 131px;\"><a href=\"https:\/\/pupr.edu\/wp-content\/uploads\/2025\/10\/CA-04-25-1.pdf\" target=\"_blank\" rel=\"noopener noreferrer\">CA # 04-25<\/a><\/td><td style=\"width: 732px;\">Eliminaci\u00f3n del curso ACCO 2020 (Principios de Contabilidad I) como prerrequisito para el curso FINA 2010 (Finanzas), 30 de mayo de 2025.<\/td><\/tr><tr><td><a href=\"https:\/\/pupr.edu\/wp-content\/uploads\/2025\/11\/CA-05-25.pdf\" target=\"_blank\" rel=\"noopener\">CA # 05-25<\/a><\/td><td>Creaci\u00f3n curso electivo MGMT 1020 \u2013 Comunicaci\u00f3n Efectiva y Oratoria para Gerentes \u00a0de la Escuela de Administraci\u00f3n de Empresas, 31 de octubre de 2025.<\/td><\/tr><tr><td><a href=\"https:\/\/pupr.edu\/wp-content\/uploads\/2025\/11\/CA-06-25.pdf\" target=\"_blank\" rel=\"noopener\">CA # 06-25<\/a><\/td><td>Eliminaci\u00f3n del curso MGMT 2020 \u2013 Business Law como prerrequisito del curso MGMT 3220 \u2013 Construction Contracts &amp; Legal Documents, 31 de octubre de 2025.<\/td><\/tr><tr><td><a href=\"https:\/\/pupr.edu\/wp-content\/uploads\/2025\/11\/CA-07-25.pdf\" target=\"_blank\" rel=\"noopener\">CA # 07-25<\/a><\/td><td>Creaci\u00f3n del Microcredencial Principles of Construction Management (Principios de Gerencia de Construcci\u00f3n), 31 de octubre de 2025.<\/td><\/tr><tr><td><a href=\"https:\/\/pupr.edu\/wp-content\/uploads\/2025\/11\/CA-08-25.pdf\" target=\"_blank\" rel=\"noopener\">CA # 08-25<\/a><\/td><td>Aprobaci\u00f3n del Certificado Subgraduado en Gerencia de Construcci\u00f3n (Construction Management), 31 de octubre de 2025.<\/td><\/tr><tr><td><a href=\"https:\/\/pupr.edu\/wp-content\/uploads\/2025\/11\/CA-09-25.pdf\">CA # 09-25<\/a><\/td><td>Creaci\u00f3n del curso electivo MGMT 1030 \u2013 Internal Organizational Communication (Comunicaci\u00f3n Organizacional Interna), 31 de octubre de 2025.<\/td><\/tr><tr><td><a href=\"https:\/\/pupr.edu\/wp-content\/uploads\/2025\/11\/CA-10-25.pdf\" target=\"_blank\" rel=\"noopener\">CA # 10-25<\/a><\/td><td><p>Creaci\u00f3n de Grado Asociados<\/p><ul><li data-list-item-id=\"ee413a675114d4fe4a2aa009843006a9e\">\u2022 Grado Asociado en Administraci\u00f3n de Empresas con concentraci\u00f3n en Contabilidad<\/li><li data-list-item-id=\"e32319bfbd348c9ba45257c2bbe755630\">\u2022 Grado Asociado en Administraci\u00f3n de Empresas con concentraci\u00f3n en Gerencia de Construcci\u00f3n<\/li><li data-list-item-id=\"ead3ce8fd7cc2d2eebd2b345b8dc6b7ef\">\u2022 Grado Asociado en Administraci\u00f3n de Empresas con concentraci\u00f3n en Administraci\u00f3n<\/li><li data-list-item-id=\"edc6dbc8529beaf4fdddd2172fec68b47\">\u2022 Grado Asociado en Administraci\u00f3n de Empresas con concentraci\u00f3n en Empresarismo<\/li><li data-list-item-id=\"efcb0f795fc642c5f07a1225755d8e569\">\u2022 Grado Asociado en Administraci\u00f3n de Empresas con concentraci\u00f3n en Mercadeo<\/li><\/ul><p>31 de octubre de 2025<\/p><\/td><\/tr><tr><td><a href=\"https:\/\/pupr.edu\/wp-content\/uploads\/2025\/11\/CA-11-25.pdf\" target=\"_blank\" rel=\"noopener\">CA # 11-25<\/a><\/td><td>Convalidaci\u00f3n de cr\u00e9ditos profesionales del Programa de Transportation and Logistics Talent Development a cursos t\u00e9cnicos en el Grado Asociado de Ingenier\u00eda en Cadena de Suministro y Log\u00edstica, 31 de octubre de 2025.<\/td><\/tr><tr><td><a href=\"https:\/\/pupr.edu\/wp-content\/uploads\/2025\/11\/CA-12-25.pdf\" target=\"_blank\" rel=\"noopener\">CA # 12-25<\/a><\/td><td><p>Aprobaci\u00f3n para a\u00f1adir dos nuevas \u00e1reas principales en el Programa Doctoral en Ingenier\u00eda y Ciencias Aplicadas.<\/p><ul><li data-list-item-id=\"e7429a5338800d2573c30fb4b93545517\">\u2022 Ingenier\u00eda Biom\u00e9dica<\/li><li data-list-item-id=\"e7810e589d9ecde6748c57f0b00ae4339\">\u2022 Ingenier\u00eda El\u00e9ctrica \u2013 Potencia<\/li><\/ul><p>31 de octubre de 2025<\/p><\/td><\/tr><tr><td><a href=\"https:\/\/pupr.edu\/wp-content\/uploads\/2025\/11\/CA-13-25.pdf\" target=\"_blank\" rel=\"noopener\">CA # 13-25<\/a><\/td><td>Creaci\u00f3n de Microcredenciales en Telecomunicaciones con \u00e1reas de inter\u00e9s en Network and Fiber Optics y Mobile Networks and Wireless Communications.<\/td><\/tr><tr><td style=\"width: 131px;\"><a href=\"https:\/\/pupr.edu\/wp-content\/uploads\/2025\/11\/CA-14-25-1.pdf\" target=\"_blank\" rel=\"noopener noreferrer\">CA # 14-25<\/a><\/td><td style=\"width: 732px;\">Cambio curricular del Grado Asociado de Ingenier\u00eda en Cadena de Suministros y Log\u00edstica, 31 de octubre de 2025.<\/td><\/tr><tr><td><a href=\"https:\/\/pupr.edu\/wp-content\/uploads\/2025\/11\/CA-15-25.pdf\" target=\"_blank\" rel=\"noopener\">CA # 15-25<\/a><\/td><td>Aprobaci\u00f3n de la Pol\u00edtica de Homologaci\u00f3n de Unidades de Educaci\u00f3n Continua por Cr\u00e9ditos Acad\u00e9micos.<\/td><\/tr><\/tbody><\/table><p>\u00a0<\/p><\/figure><\/div>\t\t\t\t\t\t<\/div>\n\t\t\t\t<\/div>\n\t\t\t\t\t<\/div>\n\t\t<\/div>\n\t\t\t\t\t<\/div>\n\t\t<\/section>\n\t\t\t\t<\/div>","protected":false},"excerpt":{"rendered":"\u00a0Certificaci\u00f3nDescripci\u00f3nCA # 01-25Cambios curriculares del programa de Bachillerato en Ingenier\u00eda Qu\u00edmica, 30 de mayo de 2025.CA # 02-25Cambios curriculares: Eliminaci\u00f3n del curso prerrequisito CECS 6605 (Advanced Database Systems) para el curso CECS 7530 (Data Mining and Data Warehousing) de la Maestr\u00eda en Ciencias en Ciencias de Computadoras, 30 de mayo de 2025.CA # 03-25Creaci\u00f3n de [&hellip;]","protected":false},"author":14,"featured_media":0,"parent":43651,"menu_order":0,"comment_status":"closed","ping_status":"closed","template":"template-about-certification.php","meta":{"_acf_changed":false,"inline_featured_image":false,"_monsterinsights_skip_tracking":false,"_monsterinsights_sitenote_active":false,"_monsterinsights_sitenote_note":"","_monsterinsights_sitenote_category":0,"ngg_post_thumbnail":0,"footnotes":""},"program-categories":[],"degree-categories":[],"class_list":["post-73853","page","type-page","status-publish","hentry"],"acf":[],"_links":{"self":[{"href":"https:\/\/pupr.edu\/es\/wp-json\/wp\/v2\/pages\/73853","targetHints":{"allow":["GET"]}}],"collection":[{"href":"https:\/\/pupr.edu\/es\/wp-json\/wp\/v2\/pages"}],"about":[{"href":"https:\/\/pupr.edu\/es\/wp-json\/wp\/v2\/types\/page"}],"author":[{"embeddable":true,"href":"https:\/\/pupr.edu\/es\/wp-json\/wp\/v2\/users\/14"}],"replies":[{"embeddable":true,"href":"https:\/\/pupr.edu\/es\/wp-json\/wp\/v2\/comments?post=73853"}],"version-history":[{"count":10,"href":"https:\/\/pupr.edu\/es\/wp-json\/wp\/v2\/pages\/73853\/revisions"}],"predecessor-version":[{"id":74461,"href":"https:\/\/pupr.edu\/es\/wp-json\/wp\/v2\/pages\/73853\/revisions\/74461"}],"up":[{"embeddable":true,"href":"https:\/\/pupr.edu\/es\/wp-json\/wp\/v2\/pages\/43651"}],"wp:attachment":[{"href":"https:\/\/pupr.edu\/es\/wp-json\/wp\/v2\/media?parent=73853"}],"wp:term":[{"taxonomy":"program-categories","embeddable":true,"href":"https:\/\/pupr.edu\/es\/wp-json\/wp\/v2\/program-categories?post=73853"},{"taxonomy":"degree-categories","embeddable":true,"href":"https:\/\/pupr.edu\/es\/wp-json\/wp\/v2\/degree-categories?post=73853"}],"curies":[{"name":"wp","href":"https:\/\/api.w.org\/{rel}","templated":true}]}}